{"id":681,"date":"2020-11-26T17:16:52","date_gmt":"2020-11-26T16:16:52","guid":{"rendered":"http:\/\/thalassa-nautic.com\/?page_id=681"},"modified":"2020-12-04T19:46:14","modified_gmt":"2020-12-04T18:46:14","slug":"comment-choisir-son-antifouling-carenage","status":"publish","type":"page","link":"https:\/\/thalassa-nautic.com\/index.php\/comment-choisir-son-antifouling-carenage\/","title":{"rendered":"COMMENT CHOISIR SON ANTIFOULING \/ CAR\u00c9NAGE"},"content":{"rendered":"\n<p class=\"has-medium-font-size\"><strong><em>2 TYPES D&#8217;ANTIFOULING :<\/em><\/strong><\/p>\n\n\n\n<p class=\"has-black-color has-cyan-bluish-gray-background-color has-text-color has-background has-medium-font-size\">Il existe 2 grands types d\u2019antifouling. Les matrices dures et les \u00e9rodables et suivant le support. Le support plus r\u00e9pandu est le polyester. Il existe aussi le bois, les aciers et les alus. Une 3e cat\u00e9gorie est la peinture semi-\u00e9rodable, interm\u00e9diaire entre une matrice dure et une matrice \u00e9rodable.<\/p>\n\n\n\n<p class=\"has-black-color has-cyan-bluish-gray-background-color has-text-color has-background has-medium-font-size\">Les matrices dures sont pr\u00e9conis\u00e9es pour les professionnels dont le nombre d\u2019heure de navigation est important, pour les bateaux rapides de plus de 40 n\u0153uds, pour les adeptes des mises sur sangles, pour ceux qui profitent d\u2019une baignade pour gratter la coque, pour les r\u00e9gatiers qui doivent avoir un gla\u00e7age de l\u2019antifouling pour une glisse parfaite.<\/p>\n\n\n\n<p class=\"has-black-color has-cyan-bluish-gray-background-color has-text-color has-background has-medium-font-size\">Les matrices \u00e9rodables sont pour les plaisanciers, pour des navigations de moins de 40 n\u0153uds. Pour la Grande Motte cela repr\u00e9sente une tr\u00e8s grande partie des bateaux.<\/p>\n\n\n\n<p class=\"has-black-color has-cyan-bluish-gray-background-color has-text-color has-background has-medium-font-size\">Les matrices dures ou \u00e9rodables ont la m\u00eame protection d\u2019antifouling. Les couleurs importent peu. La temp\u00e9rature de l\u2019eau joue un r\u00f4le ainsi que la fr\u00e9quence de navigation et la place au port qui peut \u00eatre \u00e0 fort courant ou en eaux stagnantes.<\/p>\n\n\n\n<p class=\"has-medium-font-size\"><strong><em>COMMENT CHOPISIR SON ANTIFOULING :<\/em><\/strong><\/p>\n\n\n\n<p class=\"has-black-color has-cyan-bluish-gray-background-color has-text-color has-background has-medium-font-size\">Le poids \u00e0 sec correspond \u00e0 la quantit\u00e9 de biocide contenu dans la peinture. Souvent plus le prix est \u00e9lev\u00e9 plus la quantit\u00e9 de biocide est importante. Cette indication se trouve sur le pot de peinture<\/p>\n\n\n\n<p class=\"has-medium-font-size\"><em><strong>L&#8217;APPLICATION &amp; QUANTIT\u00c9:<\/strong><\/em><\/p>\n\n\n\n<p class=\"has-black-color has-cyan-bluish-gray-background-color has-text-color has-background has-medium-font-size\">Le nombre de couches importe peu. Le plus important est la quantit\u00e9. Pour cela se r\u00e9f\u00e9rer \u00e0 un tableau de correspondance entre le type de la coque et sa longueur. Il est possible de tout d\u00e9poser en une seule couche ou pour plus de s\u00e9curit\u00e9 en 2 couches qui permettra de repasser sur d\u2019\u00e9ventuel manque de la 1er couche. Pour certain bateau il est bien de doubler la ligne de flottaison. L\u2019id\u00e9al est de doubler la ligne en 1er passe quand la ligne d\u2019eau est encore visible.<\/p>\n\n\n\n<p class=\"has-medium-font-size\"><strong><em>LES PR\u00c9CAUTIONS \u00c0 PRENDRE:<\/em><\/strong><\/p>\n\n\n\n<p class=\"has-black-color has-cyan-bluish-gray-background-color has-text-color has-background has-medium-font-size\">Avant d\u2019ouvrir le pot d\u2019antifouling v\u00e9rifi\u00e9 la date de p\u00e9remption, si vous avez la bonne matrice. Bien m\u00e9langer au m\u00e9langeur sur perceuse pour \u00e9viter les d\u00e9p\u00f4ts de biocide au fond du pot. Bien choisir son rouleau. Les laqueurs auront un effet plus lisse que les poils longs. Les adeptes des pattes de lapin et des gros rouleaux feront leur choix.<\/p>\n\n\n\n<p class=\"has-medium-font-size\"><strong><em>LA DUR\u00c9E DE VIE :<\/em><\/strong><\/p>\n\n\n\n<p class=\"has-black-color has-cyan-bluish-gray-background-color has-text-color has-background has-medium-font-size\">Une nouvelle couche est recommand\u00e9e tous les ans. Ce sera aussi le moment de changer les anodes et de faire un \u00e9tat g\u00e9n\u00e9ral de la coque pour v\u00e9rifier l\u2019apparition de bulles d\u2019osmose, d\u2019\u00e9ventuels coups subits en navigation et de l\u2019accroche de la peinture.<\/p>\n\n\n\n<p class=\"has-black-color has-cyan-bluish-gray-background-color has-text-color has-background has-medium-font-size\">Vers 10 ans des ph\u00e9nom\u00e8nes de cro\u00fbtes dus au d\u00e9collement des premi\u00e8res couches de peinture sont de plus en plus importantes allant jusqu\u2019au primaire. Il est temps de pr\u00e9voir un a\u00e9rogommage.<\/p>\n\n\n\n<p class=\"has-medium-font-size\"><strong><em>L&#8217;A\u00c9ROGOMMAGE :<\/em><\/strong><\/p>\n\n\n\n<p class=\"has-black-color has-cyan-bluish-gray-background-color has-text-color has-background has-medium-font-size\">C\u2019est un sablage \u00e0 sec avec un grain tr\u00e8s fin qui aura pour action de pulv\u00e9riser la peinture sans ab\u00eemer le gelcoat. L\u2019avantage de l\u2019a\u00e9rogommage c\u2019est que nous travaillons \u00e0 sec sans adjonction d\u2019eau sur la surface du gelcoat ni en profondeur. Un l\u00e9ger martelage du gelcoat permettra une bonne accroche d\u2019un primaire qui aura pour action de renforcer l\u2019imperm\u00e9abilit\u00e9 du gelcoat et une bonne accroche du nouvel antifouling. Choisissez un primaire \u00e9poxy et un antifouling compatible avec des couleurs diff\u00e9rentes pour un effet contraste. 2 couches de primaire et 2 couches d\u2019antifouling sont pr\u00e9conis\u00e9es \u00e0 la premi\u00e8re application.<\/p>\n\n\n\n<p class=\"has-medium-font-size\"><strong><em>LES H\u00c9LICES, ARBRES D&#8217;H\u00c9LICES, CHAISES &amp; SAFRAN :<\/em><\/strong><\/p>\n\n\n\n<p class=\"has-black-color has-cyan-bluish-gray-background-color has-text-color has-background has-medium-font-size\">Il est important de choisir un antifouling sp\u00e9cial pour ces parties-l\u00e0 avec un primaire. Une pr\u00e9paration minutieuse est tr\u00e8s importante. Je pr\u00e9conise un nettoyage et surtout un grattage m\u00e9canique pour \u00e9viter de mauvaises r\u00e9actions avec des produits chimiques qui demande un rin\u00e7age impeccable. Si ce n\u2019\u00e9tait pas le cas nous aurions probablement pour cons\u00e9quence un d\u00e9collement de peinture ou de tuer le biocide contenu dans la peinture antifouling.<\/p>\n\n\n\n<p class=\"has-black-color has-cyan-bluish-gray-background-color has-text-color has-background has-medium-font-size\">La pr\u00e9paration avant l\u2019application du primaire est importante. Les surfaces doivent \u00eatre propres et bien d\u00e9graisser avec un d\u00e9graissant sp\u00e9cial m\u00e9tal. Un rayage suffisant pour une bonne accroche du primaire, de bien respecter les temps de surcouchage entre 2 couches de peinture et le temps de s\u00e9chage avant de remettre le bateau \u00e0 l\u2019eau.<\/p>\n\n\n\n<div class=\"wp-block-jetpack-slideshow aligncenter\" data-effect=\"slide\"><div class=\"wp-block-jetpack-slideshow_container swiper-container\"><ul class=\"wp-block-jetpack-slideshow_swiper-wrapper swiper-wrapper\"><li class=\"wp-block-jetpack-slideshow_slide swiper-slide\"><figure><img loading=\"lazy\" width=\"1024\" height=\"765\" alt=\"\" class=\"wp-block-jetpack-slideshow_image wp-image-684\" data-id=\"684\" src=\"https:\/\/thalassa-nautic.com\/wp-content\/uploads\/2020\/11\/IMG_8111-1-1024x765.jpg\" srcset=\"https:\/\/thalassa-nautic.com\/wp-content\/uploads\/2020\/11\/IMG_8111-1-1024x765.jpg 1024w, https:\/\/thalassa-nautic.com\/wp-content\/uploads\/2020\/11\/IMG_8111-1-300x224.jpg 300w, https:\/\/thalassa-nautic.com\/wp-content\/uploads\/2020\/11\/IMG_8111-1-768x574.jpg 768w, https:\/\/thalassa-nautic.com\/wp-content\/uploads\/2020\/11\/IMG_8111-1-1536x1147.jpg 1536w, https:\/\/thalassa-nautic.com\/wp-content\/uploads\/2020\/11\/IMG_8111-1-2048x1530.jpg 2048w, https:\/\/thalassa-nautic.com\/wp-content\/uploads\/2020\/11\/IMG_8111-1-160x120.jpg 160w\" sizes=\"(max-width: 1024px) 100vw, 1024px\" \/><\/figure><\/li><li class=\"wp-block-jetpack-slideshow_slide swiper-slide\"><figure><img loading=\"lazy\" width=\"1024\" height=\"765\" alt=\"\" class=\"wp-block-jetpack-slideshow_image wp-image-686\" data-id=\"686\" src=\"https:\/\/thalassa-nautic.com\/wp-content\/uploads\/2020\/11\/IMG_8116-1-1024x765.jpg\" srcset=\"https:\/\/thalassa-nautic.com\/wp-content\/uploads\/2020\/11\/IMG_8116-1-1024x765.jpg 1024w, https:\/\/thalassa-nautic.com\/wp-content\/uploads\/2020\/11\/IMG_8116-1-300x224.jpg 300w, https:\/\/thalassa-nautic.com\/wp-content\/uploads\/2020\/11\/IMG_8116-1-768x574.jpg 768w, https:\/\/thalassa-nautic.com\/wp-content\/uploads\/2020\/11\/IMG_8116-1-1536x1147.jpg 1536w, https:\/\/thalassa-nautic.com\/wp-content\/uploads\/2020\/11\/IMG_8116-1-2048x1530.jpg 2048w, https:\/\/thalassa-nautic.com\/wp-content\/uploads\/2020\/11\/IMG_8116-1-160x120.jpg 160w\" sizes=\"(max-width: 1024px) 100vw, 1024px\" \/><\/figure><\/li><li class=\"wp-block-jetpack-slideshow_slide swiper-slide\"><figure><img loading=\"lazy\" width=\"765\" height=\"1024\" alt=\"\" class=\"wp-block-jetpack-slideshow_image wp-image-687\" data-id=\"687\" src=\"https:\/\/thalassa-nautic.com\/wp-content\/uploads\/2020\/11\/IMG_8119-1-765x1024.jpg\" srcset=\"https:\/\/thalassa-nautic.com\/wp-content\/uploads\/2020\/11\/IMG_8119-1-765x1024.jpg 765w, https:\/\/thalassa-nautic.com\/wp-content\/uploads\/2020\/11\/IMG_8119-1-224x300.jpg 224w, https:\/\/thalassa-nautic.com\/wp-content\/uploads\/2020\/11\/IMG_8119-1-768x1028.jpg 768w, https:\/\/thalassa-nautic.com\/wp-content\/uploads\/2020\/11\/IMG_8119-1-1147x1536.jpg 1147w, https:\/\/thalassa-nautic.com\/wp-content\/uploads\/2020\/11\/IMG_8119-1-1530x2048.jpg 1530w, https:\/\/thalassa-nautic.com\/wp-content\/uploads\/2020\/11\/IMG_8119-1-scaled.jpg 1912w\" sizes=\"(max-width: 765px) 100vw, 765px\" \/><\/figure><\/li><li class=\"wp-block-jetpack-slideshow_slide swiper-slide\"><figure><img loading=\"lazy\" width=\"1024\" height=\"765\" alt=\"\" class=\"wp-block-jetpack-slideshow_image wp-image-688\" data-id=\"688\" src=\"https:\/\/thalassa-nautic.com\/wp-content\/uploads\/2020\/11\/IMG_8126-1-1024x765.jpg\" srcset=\"https:\/\/thalassa-nautic.com\/wp-content\/uploads\/2020\/11\/IMG_8126-1-1024x765.jpg 1024w, https:\/\/thalassa-nautic.com\/wp-content\/uploads\/2020\/11\/IMG_8126-1-300x224.jpg 300w, https:\/\/thalassa-nautic.com\/wp-content\/uploads\/2020\/11\/IMG_8126-1-768x574.jpg 768w, https:\/\/thalassa-nautic.com\/wp-content\/uploads\/2020\/11\/IMG_8126-1-1536x1147.jpg 1536w, https:\/\/thalassa-nautic.com\/wp-content\/uploads\/2020\/11\/IMG_8126-1-2048x1530.jpg 2048w, https:\/\/thalassa-nautic.com\/wp-content\/uploads\/2020\/11\/IMG_8126-1-160x120.jpg 160w\" sizes=\"(max-width: 1024px) 100vw, 1024px\" \/><\/figure><\/li><li class=\"wp-block-jetpack-slideshow_slide swiper-slide\"><figure><img loading=\"lazy\" width=\"765\" height=\"1024\" alt=\"\" class=\"wp-block-jetpack-slideshow_image wp-image-689\" data-id=\"689\" src=\"https:\/\/thalassa-nautic.com\/wp-content\/uploads\/2020\/11\/IMG_8131-1-765x1024.jpg\" srcset=\"https:\/\/thalassa-nautic.com\/wp-content\/uploads\/2020\/11\/IMG_8131-1-765x1024.jpg 765w, https:\/\/thalassa-nautic.com\/wp-content\/uploads\/2020\/11\/IMG_8131-1-224x300.jpg 224w, https:\/\/thalassa-nautic.com\/wp-content\/uploads\/2020\/11\/IMG_8131-1-768x1028.jpg 768w, https:\/\/thalassa-nautic.com\/wp-content\/uploads\/2020\/11\/IMG_8131-1-1147x1536.jpg 1147w, https:\/\/thalassa-nautic.com\/wp-content\/uploads\/2020\/11\/IMG_8131-1-1530x2048.jpg 1530w, https:\/\/thalassa-nautic.com\/wp-content\/uploads\/2020\/11\/IMG_8131-1-scaled.jpg 1912w\" sizes=\"(max-width: 765px) 100vw, 765px\" \/><\/figure><\/li><li class=\"wp-block-jetpack-slideshow_slide swiper-slide\"><figure><img loading=\"lazy\" width=\"1024\" height=\"765\" alt=\"\" class=\"wp-block-jetpack-slideshow_image wp-image-690\" data-id=\"690\" src=\"https:\/\/thalassa-nautic.com\/wp-content\/uploads\/2020\/11\/IMG_8147-1-1024x765.jpg\" srcset=\"https:\/\/thalassa-nautic.com\/wp-content\/uploads\/2020\/11\/IMG_8147-1-1024x765.jpg 1024w, https:\/\/thalassa-nautic.com\/wp-content\/uploads\/2020\/11\/IMG_8147-1-300x224.jpg 300w, https:\/\/thalassa-nautic.com\/wp-content\/uploads\/2020\/11\/IMG_8147-1-768x574.jpg 768w, https:\/\/thalassa-nautic.com\/wp-content\/uploads\/2020\/11\/IMG_8147-1-1536x1147.jpg 1536w, https:\/\/thalassa-nautic.com\/wp-content\/uploads\/2020\/11\/IMG_8147-1-2048x1530.jpg 2048w, https:\/\/thalassa-nautic.com\/wp-content\/uploads\/2020\/11\/IMG_8147-1-160x120.jpg 160w\" sizes=\"(max-width: 1024px) 100vw, 1024px\" \/><\/figure><\/li><\/ul><a class=\"wp-block-jetpack-slideshow_button-prev swiper-button-prev swiper-button-white\" role=\"button\"><\/a><a class=\"wp-block-jetpack-slideshow_button-next swiper-button-next swiper-button-white\" role=\"button\"><\/a><a aria-label=\"Pause Slideshow\" class=\"wp-block-jetpack-slideshow_button-pause\" role=\"button\"><\/a><div class=\"wp-block-jetpack-slideshow_pagination swiper-pagination swiper-pagination-white\"><\/div><\/div><\/div>\n","protected":false},"excerpt":{"rendered":"<p>2 TYPES D&#8217;ANTIFOULING : Il existe 2 grands types d\u2019antifouling. Les matrices dures et les \u00e9rodables et suivant le support. Le support plus r\u00e9pandu est le polyester. Il existe aussi le bois, les aciers et les alus. Une 3e cat\u00e9gorie est la peinture semi-\u00e9rodable, interm\u00e9diaire entre une matrice dure et une matrice \u00e9rodable. Les matrices [&hellip;]<\/p>\n","protected":false},"author":1,"featured_media":0,"parent":0,"menu_order":0,"comment_status":"closed","ping_status":"closed","template":"","meta":{"spay_email":""},"_links":{"self":[{"href":"https:\/\/thalassa-nautic.com\/index.php\/wp-json\/wp\/v2\/pages\/681"}],"collection":[{"href":"https:\/\/thalassa-nautic.com\/index.php\/wp-json\/wp\/v2\/pages"}],"about":[{"href":"https:\/\/thalassa-nautic.com\/index.php\/wp-json\/wp\/v2\/types\/page"}],"author":[{"embeddable":true,"href":"https:\/\/thalassa-nautic.com\/index.php\/wp-json\/wp\/v2\/users\/1"}],"replies":[{"embeddable":true,"href":"https:\/\/thalassa-nautic.com\/index.php\/wp-json\/wp\/v2\/comments?post=681"}],"version-history":[{"count":7,"href":"https:\/\/thalassa-nautic.com\/index.php\/wp-json\/wp\/v2\/pages\/681\/revisions"}],"predecessor-version":[{"id":1093,"href":"https:\/\/thalassa-nautic.com\/index.php\/wp-json\/wp\/v2\/pages\/681\/revisions\/1093"}],"wp:attachment":[{"href":"https:\/\/thalassa-nautic.com\/index.php\/wp-json\/wp\/v2\/media?parent=681"}],"curies":[{"name":"wp","href":"https:\/\/api.w.org\/{rel}","templated":true}]}}