{"id":532,"date":"2020-11-25T16:17:13","date_gmt":"2020-11-25T15:17:13","guid":{"rendered":"http:\/\/thalassa-nautic.com\/?page_id=532"},"modified":"2020-12-04T19:33:52","modified_gmt":"2020-12-04T18:33:52","slug":"gommage-retrait-dancien-antifouling-et-carenage","status":"publish","type":"page","link":"https:\/\/thalassa-nautic.com\/index.php\/gommage-retrait-dancien-antifouling-et-carenage\/","title":{"rendered":"A\u00c9RO-GOMMAGE \/ RETRAIT D\u2019ANCIEN ANTIFOULING"},"content":{"rendered":"\n<p class=\"has-black-color has-cyan-bluish-gray-background-color has-text-color has-background has-medium-font-size\">L\u2019antifouling peinture indispensable pour tout bateau stock\u00e9 \u00e0 flot. Cette peinture est renouvel\u00e9e tous les ans par surcouchage. Au fil du temps les diff\u00e9rentes couches de peinture s\u2019accumulent et s\u00e8che. Elles donnent un effet millefeuille et des d\u00e9fauts de surface.<br>Cela a pour cons\u00e9quence une mauvaise glisse et donc une perte de vitesse.<br>D\u2019o\u00f9 la n\u00e9cessit\u00e9 de gommer la peinture de la coque. Se proc\u00e9der est de retirer les diff\u00e9rentes couches de peinture pour revenir au gelcoat sans pour autan ab\u00eemer l\u2019\u00e9tat de surface de la coque.<br>Apr\u00e8s le d\u00e9capage de la coque, nous proc\u00e9dons \u00e0 l\u2019application d\u2019un primaire \u00e9poxy et d\u2019un antifouling. Avec le gommage, les voiliers gagneront quelques n\u0153uds, les bateaux \u00e0 moteur \u00e9conomiseront sur leur carburant.<br><\/p>\n\n\n\n<p class=\"has-black-color has-cyan-bluish-gray-background-color has-text-color has-background has-medium-font-size\">M\u00e9thode employ\u00e9e&nbsp;: L\u2019A\u00e9ro-gommage.<br>Cette m\u00e9thode allie le sablage, mais qui est plus pertinent pour les traitements anti-osmose. Son but est de retirer la peinture et le gelcoat jusqu\u2019\u00e0 la fibre, et l\u2019hydro-gommage qui a grain beaucoup plus fin mais projet\u00e9 par la force de l\u2019eau.<br>Avec l\u2019a\u00e9ro-gommage nous travaillons dans un environnement sec avec un grain extr\u00eamement fin qui sera sans dommage pour le gelcoat.<br>Pour l\u2019antifouling, je vous renvoie \u00e0 l\u2019article \u00ab&nbsp;Comment choisir un antifouling&nbsp;\u00bb que j\u2019ai publi\u00e9 dans la revue \u00ab&nbsp;Port d\u2019Attache&nbsp;\u00bb de l\u2019APPGM du bulletin n\u00b0&nbsp;33.<\/p>\n\n\n\n<p class=\"has-black-color has-cyan-bluish-gray-background-color has-text-color has-background has-medium-font-size\">APPGM =&nbsp;Association des Plaisanciers du Port de la Grande Motte.<\/p>\n\n\n\n<figure class=\"wp-block-image size-large\"><img loading=\"lazy\" width=\"972\" height=\"218\" src=\"https:\/\/thalassa-nautic.com\/wp-content\/uploads\/2020\/11\/Capture-decran-2020-11-25-a-22.46.44.png\" alt=\"\" class=\"wp-image-585\" srcset=\"https:\/\/thalassa-nautic.com\/wp-content\/uploads\/2020\/11\/Capture-decran-2020-11-25-a-22.46.44.png 972w, https:\/\/thalassa-nautic.com\/wp-content\/uploads\/2020\/11\/Capture-decran-2020-11-25-a-22.46.44-300x67.png 300w, https:\/\/thalassa-nautic.com\/wp-content\/uploads\/2020\/11\/Capture-decran-2020-11-25-a-22.46.44-768x172.png 768w\" sizes=\"(max-width: 972px) 100vw, 972px\" \/><figcaption><a href=\"http:\/\/www.appgm.fr\" target=\"_blank\" rel=\"noreferrer noopener\" title=\"www.appgm.fr\">www.appgm.fr<\/a><\/figcaption><\/figure>\n\n\n\n<figure class=\"wp-block-gallery columns-3 is-cropped\"><ul class=\"blocks-gallery-grid\"><li class=\"blocks-gallery-item\"><figure><img loading=\"lazy\" width=\"765\" height=\"1024\" src=\"https:\/\/thalassa-nautic.com\/wp-content\/uploads\/2020\/11\/IMG_7789-1-765x1024.jpg\" alt=\"\" data-id=\"635\" data-link=\"https:\/\/thalassa-nautic.com\/index.php\/gommage-retrait-dancien-antifouling-et-carenage\/img_7789-1\/\" class=\"wp-image-635\" srcset=\"https:\/\/thalassa-nautic.com\/wp-content\/uploads\/2020\/11\/IMG_7789-1-765x1024.jpg 765w, https:\/\/thalassa-nautic.com\/wp-content\/uploads\/2020\/11\/IMG_7789-1-224x300.jpg 224w, https:\/\/thalassa-nautic.com\/wp-content\/uploads\/2020\/11\/IMG_7789-1-768x1028.jpg 768w, https:\/\/thalassa-nautic.com\/wp-content\/uploads\/2020\/11\/IMG_7789-1-1147x1536.jpg 1147w, https:\/\/thalassa-nautic.com\/wp-content\/uploads\/2020\/11\/IMG_7789-1-1530x2048.jpg 1530w, https:\/\/thalassa-nautic.com\/wp-content\/uploads\/2020\/11\/IMG_7789-1-scaled.jpg 1912w\" sizes=\"(max-width: 765px) 100vw, 765px\" \/><figcaption class=\"blocks-gallery-item__caption\">Mise sous cocon<\/figcaption><\/figure><\/li><li class=\"blocks-gallery-item\"><figure><img loading=\"lazy\" width=\"1024\" height=\"765\" src=\"https:\/\/thalassa-nautic.com\/wp-content\/uploads\/2020\/11\/IMG_6576-4-1024x765.jpg\" alt=\"\" data-id=\"637\" data-link=\"https:\/\/thalassa-nautic.com\/index.php\/gommage-retrait-dancien-antifouling-et-carenage\/img_6576-4\/\" class=\"wp-image-637\" srcset=\"https:\/\/thalassa-nautic.com\/wp-content\/uploads\/2020\/11\/IMG_6576-4-1024x765.jpg 1024w, https:\/\/thalassa-nautic.com\/wp-content\/uploads\/2020\/11\/IMG_6576-4-300x224.jpg 300w, https:\/\/thalassa-nautic.com\/wp-content\/uploads\/2020\/11\/IMG_6576-4-768x574.jpg 768w, https:\/\/thalassa-nautic.com\/wp-content\/uploads\/2020\/11\/IMG_6576-4-1536x1147.jpg 1536w, https:\/\/thalassa-nautic.com\/wp-content\/uploads\/2020\/11\/IMG_6576-4-2048x1530.jpg 2048w, https:\/\/thalassa-nautic.com\/wp-content\/uploads\/2020\/11\/IMG_6576-4-160x120.jpg 160w\" sizes=\"(max-width: 1024px) 100vw, 1024px\" \/><figcaption class=\"blocks-gallery-item__caption\">Cro\u00fbte de peinture<\/figcaption><\/figure><\/li><li class=\"blocks-gallery-item\"><figure><img loading=\"lazy\" width=\"765\" height=\"1024\" src=\"https:\/\/thalassa-nautic.com\/wp-content\/uploads\/2020\/12\/IMG_7939-765x1024.jpg\" alt=\"\" data-id=\"1087\" data-full-url=\"https:\/\/thalassa-nautic.com\/wp-content\/uploads\/2020\/12\/IMG_7939-scaled.jpg\" data-link=\"https:\/\/thalassa-nautic.com\/index.php\/gommage-retrait-dancien-antifouling-et-carenage\/img_7939-2\/\" class=\"wp-image-1087\" srcset=\"https:\/\/thalassa-nautic.com\/wp-content\/uploads\/2020\/12\/IMG_7939-765x1024.jpg 765w, https:\/\/thalassa-nautic.com\/wp-content\/uploads\/2020\/12\/IMG_7939-224x300.jpg 224w, https:\/\/thalassa-nautic.com\/wp-content\/uploads\/2020\/12\/IMG_7939-768x1028.jpg 768w, https:\/\/thalassa-nautic.com\/wp-content\/uploads\/2020\/12\/IMG_7939-1147x1536.jpg 1147w, https:\/\/thalassa-nautic.com\/wp-content\/uploads\/2020\/12\/IMG_7939-1530x2048.jpg 1530w, https:\/\/thalassa-nautic.com\/wp-content\/uploads\/2020\/12\/IMG_7939-scaled.jpg 1912w\" sizes=\"(max-width: 765px) 100vw, 765px\" \/><figcaption class=\"blocks-gallery-item__caption\">En action<\/figcaption><\/figure><\/li><\/ul><\/figure>\n\n\n\n<figure class=\"wp-block-gallery columns-2 is-cropped\"><ul class=\"blocks-gallery-grid\"><li class=\"blocks-gallery-item\"><figure><img loading=\"lazy\" width=\"765\" height=\"1024\" src=\"https:\/\/thalassa-nautic.com\/wp-content\/uploads\/2020\/11\/IMG_7793-2-765x1024.jpg\" alt=\"\" data-id=\"643\" data-link=\"https:\/\/thalassa-nautic.com\/index.php\/gommage-retrait-dancien-antifouling-et-carenage\/img_7793-2\/\" class=\"wp-image-643\" srcset=\"https:\/\/thalassa-nautic.com\/wp-content\/uploads\/2020\/11\/IMG_7793-2-765x1024.jpg 765w, https:\/\/thalassa-nautic.com\/wp-content\/uploads\/2020\/11\/IMG_7793-2-224x300.jpg 224w, https:\/\/thalassa-nautic.com\/wp-content\/uploads\/2020\/11\/IMG_7793-2-768x1028.jpg 768w, https:\/\/thalassa-nautic.com\/wp-content\/uploads\/2020\/11\/IMG_7793-2-1147x1536.jpg 1147w, https:\/\/thalassa-nautic.com\/wp-content\/uploads\/2020\/11\/IMG_7793-2-1530x2048.jpg 1530w, https:\/\/thalassa-nautic.com\/wp-content\/uploads\/2020\/11\/IMG_7793-2-scaled.jpg 1912w\" sizes=\"(max-width: 765px) 100vw, 765px\" \/><figcaption class=\"blocks-gallery-item__caption\">Coque mise \u00e0 nue<\/figcaption><\/figure><\/li><li class=\"blocks-gallery-item\"><figure><img loading=\"lazy\" width=\"1024\" height=\"765\" src=\"https:\/\/thalassa-nautic.com\/wp-content\/uploads\/2020\/11\/IMG_7895-1-1024x765.jpg\" alt=\"\" data-id=\"644\" data-full-url=\"https:\/\/thalassa-nautic.com\/wp-content\/uploads\/2020\/11\/IMG_7895-1-scaled.jpg\" data-link=\"https:\/\/thalassa-nautic.com\/index.php\/gommage-retrait-dancien-antifouling-et-carenage\/img_7895-1\/\" class=\"wp-image-644\" srcset=\"https:\/\/thalassa-nautic.com\/wp-content\/uploads\/2020\/11\/IMG_7895-1-1024x765.jpg 1024w, https:\/\/thalassa-nautic.com\/wp-content\/uploads\/2020\/11\/IMG_7895-1-300x224.jpg 300w, https:\/\/thalassa-nautic.com\/wp-content\/uploads\/2020\/11\/IMG_7895-1-768x574.jpg 768w, https:\/\/thalassa-nautic.com\/wp-content\/uploads\/2020\/11\/IMG_7895-1-1536x1147.jpg 1536w, https:\/\/thalassa-nautic.com\/wp-content\/uploads\/2020\/11\/IMG_7895-1-2048x1530.jpg 2048w, https:\/\/thalassa-nautic.com\/wp-content\/uploads\/2020\/11\/IMG_7895-1-160x120.jpg 160w\" sizes=\"(max-width: 1024px) 100vw, 1024px\" \/><figcaption class=\"blocks-gallery-item__caption\">2 couches de primaire \u00e9poxy<\/figcaption><\/figure><\/li><\/ul><\/figure>\n\n\n\n<figure class=\"wp-block-gallery columns-2 is-cropped\"><ul class=\"blocks-gallery-grid\"><li class=\"blocks-gallery-item\"><figure><img loading=\"lazy\" width=\"1024\" height=\"765\" src=\"https:\/\/thalassa-nautic.com\/wp-content\/uploads\/2020\/11\/IMG_7909-1-1024x765.jpg\" alt=\"\" data-id=\"646\" data-link=\"https:\/\/thalassa-nautic.com\/index.php\/gommage-retrait-dancien-antifouling-et-carenage\/img_7909-1\/\" class=\"wp-image-646\" srcset=\"https:\/\/thalassa-nautic.com\/wp-content\/uploads\/2020\/11\/IMG_7909-1-1024x765.jpg 1024w, https:\/\/thalassa-nautic.com\/wp-content\/uploads\/2020\/11\/IMG_7909-1-300x224.jpg 300w, https:\/\/thalassa-nautic.com\/wp-content\/uploads\/2020\/11\/IMG_7909-1-768x574.jpg 768w, https:\/\/thalassa-nautic.com\/wp-content\/uploads\/2020\/11\/IMG_7909-1-1536x1147.jpg 1536w, https:\/\/thalassa-nautic.com\/wp-content\/uploads\/2020\/11\/IMG_7909-1-2048x1530.jpg 2048w, https:\/\/thalassa-nautic.com\/wp-content\/uploads\/2020\/11\/IMG_7909-1-160x120.jpg 160w\" sizes=\"(max-width: 1024px) 100vw, 1024px\" \/><figcaption class=\"blocks-gallery-item__caption\">2 couches d&#8217;antifouling<\/figcaption><\/figure><\/li><li class=\"blocks-gallery-item\"><figure><img loading=\"lazy\" width=\"1024\" height=\"765\" src=\"https:\/\/thalassa-nautic.com\/wp-content\/uploads\/2020\/11\/IMG_7919-1-1024x765.jpg\" alt=\"\" data-id=\"648\" data-full-url=\"https:\/\/thalassa-nautic.com\/wp-content\/uploads\/2020\/11\/IMG_7919-1-scaled.jpg\" data-link=\"https:\/\/thalassa-nautic.com\/index.php\/gommage-retrait-dancien-antifouling-et-carenage\/img_7919-1\/\" class=\"wp-image-648\" srcset=\"https:\/\/thalassa-nautic.com\/wp-content\/uploads\/2020\/11\/IMG_7919-1-1024x765.jpg 1024w, https:\/\/thalassa-nautic.com\/wp-content\/uploads\/2020\/11\/IMG_7919-1-300x224.jpg 300w, https:\/\/thalassa-nautic.com\/wp-content\/uploads\/2020\/11\/IMG_7919-1-768x574.jpg 768w, https:\/\/thalassa-nautic.com\/wp-content\/uploads\/2020\/11\/IMG_7919-1-1536x1147.jpg 1536w, https:\/\/thalassa-nautic.com\/wp-content\/uploads\/2020\/11\/IMG_7919-1-2048x1530.jpg 2048w, https:\/\/thalassa-nautic.com\/wp-content\/uploads\/2020\/11\/IMG_7919-1-160x120.jpg 160w\" sizes=\"(max-width: 1024px) 100vw, 1024px\" \/><figcaption class=\"blocks-gallery-item__caption\">D\u00e9calage du bateau pour acc\u00e8s sous les patins<\/figcaption><\/figure><\/li><\/ul><\/figure>\n","protected":false},"excerpt":{"rendered":"<p>L\u2019antifouling peinture indispensable pour tout bateau stock\u00e9 \u00e0 flot. Cette peinture est renouvel\u00e9e tous les ans par surcouchage. Au fil du temps les diff\u00e9rentes couches de peinture s\u2019accumulent et s\u00e8che. Elles donnent un effet millefeuille et des d\u00e9fauts de surface.Cela a pour cons\u00e9quence une mauvaise glisse et donc une perte de vitesse.D\u2019o\u00f9 la n\u00e9cessit\u00e9 de [&hellip;]<\/p>\n","protected":false},"author":1,"featured_media":0,"parent":0,"menu_order":0,"comment_status":"closed","ping_status":"closed","template":"","meta":{"spay_email":""},"_links":{"self":[{"href":"https:\/\/thalassa-nautic.com\/index.php\/wp-json\/wp\/v2\/pages\/532"}],"collection":[{"href":"https:\/\/thalassa-nautic.com\/index.php\/wp-json\/wp\/v2\/pages"}],"about":[{"href":"https:\/\/thalassa-nautic.com\/index.php\/wp-json\/wp\/v2\/types\/page"}],"author":[{"embeddable":true,"href":"https:\/\/thalassa-nautic.com\/index.php\/wp-json\/wp\/v2\/users\/1"}],"replies":[{"embeddable":true,"href":"https:\/\/thalassa-nautic.com\/index.php\/wp-json\/wp\/v2\/comments?post=532"}],"version-history":[{"count":20,"href":"https:\/\/thalassa-nautic.com\/index.php\/wp-json\/wp\/v2\/pages\/532\/revisions"}],"predecessor-version":[{"id":1089,"href":"https:\/\/thalassa-nautic.com\/index.php\/wp-json\/wp\/v2\/pages\/532\/revisions\/1089"}],"wp:attachment":[{"href":"https:\/\/thalassa-nautic.com\/index.php\/wp-json\/wp\/v2\/media?parent=532"}],"curies":[{"name":"wp","href":"https:\/\/api.w.org\/{rel}","templated":true}]}}