{"id":529,"date":"2020-11-25T16:14:23","date_gmt":"2020-11-25T15:14:23","guid":{"rendered":"http:\/\/thalassa-nautic.com\/?page_id=529"},"modified":"2020-12-11T10:48:41","modified_gmt":"2020-12-11T09:48:41","slug":"travaux-damenagement-et-reparation-polyester","status":"publish","type":"page","link":"https:\/\/thalassa-nautic.com\/index.php\/travaux-damenagement-et-reparation-polyester\/","title":{"rendered":"TRAVAUX D\u2019AM\u00c9NAGEMENT ET R\u00c9PARATION POLYESTER"},"content":{"rendered":"\n<p class=\"has-black-color has-cyan-bluish-gray-background-color has-text-color has-background has-medium-font-size\">Mon parcours professionnel depuis 20 ans mon amen\u00e9e \u00e0 suivre diff\u00e9rentes formations. Les m\u00e9tiers de la mer de Palavas d\u2019un an, une formation de m\u00e9canicien bateaux \u00e0 l\u2019AFPA de Marseille d\u2019un an, des stages de perfectionnement chez Jeanneau, une formation chez AGL Marine sur les vernis et laques EPIFANES, un poste chez Nauti-Cap en tant que technicien en r\u00e9paration polyester et monteur d\u2019accessoires, les sous traitances chez des concessionnaires ou chantiers navals comme Nauti-Cap, Chemins d\u2019Oc\u00e9ans et maintenant Outremer m\u2019a conduit \u00e0 travailler le polyester, l\u2019\u00e9poxy, l\u2019application de peinture au rouleau et au pistolet et tous ceux qui concerne la r\u00e9paration et l\u2019entretien de bateau de plaisance sans oublier ma propre client\u00e8le depuis 10 ans.<br><\/p>\n\n\n\n<p class=\"has-text-align-center has-black-color has-cyan-bluish-gray-background-color has-text-color has-background has-medium-font-size\">Pour toutes demandes prenez contact et nous \u00e9tudierons votre projet ensemble.<\/p>\n\n\n\n<figure class=\"wp-block-gallery columns-3 is-cropped\"><ul class=\"blocks-gallery-grid\"><li class=\"blocks-gallery-item\"><figure><img loading=\"lazy\" width=\"1024\" height=\"765\" src=\"https:\/\/thalassa-nautic.com\/wp-content\/uploads\/2020\/11\/IMG_7343-3-1024x765.jpg\" alt=\"\" data-id=\"799\" data-link=\"https:\/\/thalassa-nautic.com\/index.php\/travaux-damenagement-et-reparation-polyester\/img_7343-3\/\" class=\"wp-image-799\" srcset=\"https:\/\/thalassa-nautic.com\/wp-content\/uploads\/2020\/11\/IMG_7343-3-1024x765.jpg 1024w, https:\/\/thalassa-nautic.com\/wp-content\/uploads\/2020\/11\/IMG_7343-3-300x224.jpg 300w, https:\/\/thalassa-nautic.com\/wp-content\/uploads\/2020\/11\/IMG_7343-3-768x574.jpg 768w, https:\/\/thalassa-nautic.com\/wp-content\/uploads\/2020\/11\/IMG_7343-3-1536x1147.jpg 1536w, https:\/\/thalassa-nautic.com\/wp-content\/uploads\/2020\/11\/IMG_7343-3-2048x1530.jpg 2048w, https:\/\/thalassa-nautic.com\/wp-content\/uploads\/2020\/11\/IMG_7343-3-160x120.jpg 160w\" sizes=\"(max-width: 1024px) 100vw, 1024px\" \/><figcaption class=\"blocks-gallery-item__caption\">Davier arrach\u00e9<\/figcaption><\/figure><\/li><li class=\"blocks-gallery-item\"><figure><img loading=\"lazy\" width=\"765\" height=\"1024\" src=\"https:\/\/thalassa-nautic.com\/wp-content\/uploads\/2020\/11\/IMG_7345-2-765x1024.jpg\" alt=\"\" data-id=\"800\" data-link=\"https:\/\/thalassa-nautic.com\/index.php\/travaux-damenagement-et-reparation-polyester\/img_7345-2\/\" class=\"wp-image-800\" srcset=\"https:\/\/thalassa-nautic.com\/wp-content\/uploads\/2020\/11\/IMG_7345-2-765x1024.jpg 765w, https:\/\/thalassa-nautic.com\/wp-content\/uploads\/2020\/11\/IMG_7345-2-224x300.jpg 224w, https:\/\/thalassa-nautic.com\/wp-content\/uploads\/2020\/11\/IMG_7345-2-768x1028.jpg 768w, https:\/\/thalassa-nautic.com\/wp-content\/uploads\/2020\/11\/IMG_7345-2-1147x1536.jpg 1147w, https:\/\/thalassa-nautic.com\/wp-content\/uploads\/2020\/11\/IMG_7345-2-1530x2048.jpg 1530w, https:\/\/thalassa-nautic.com\/wp-content\/uploads\/2020\/11\/IMG_7345-2-scaled.jpg 1912w\" sizes=\"(max-width: 765px) 100vw, 765px\" \/><figcaption class=\"blocks-gallery-item__caption\">Balcon arrach\u00e9<\/figcaption><\/figure><\/li><li class=\"blocks-gallery-item\"><figure><img loading=\"lazy\" width=\"765\" height=\"1024\" src=\"https:\/\/thalassa-nautic.com\/wp-content\/uploads\/2020\/11\/IMG_7434-2-765x1024.jpg\" alt=\"\" data-id=\"801\" data-full-url=\"https:\/\/thalassa-nautic.com\/wp-content\/uploads\/2020\/11\/IMG_7434-2-scaled.jpg\" data-link=\"https:\/\/thalassa-nautic.com\/index.php\/travaux-damenagement-et-reparation-polyester\/img_7434-2\/\" class=\"wp-image-801\" srcset=\"https:\/\/thalassa-nautic.com\/wp-content\/uploads\/2020\/11\/IMG_7434-2-765x1024.jpg 765w, https:\/\/thalassa-nautic.com\/wp-content\/uploads\/2020\/11\/IMG_7434-2-224x300.jpg 224w, https:\/\/thalassa-nautic.com\/wp-content\/uploads\/2020\/11\/IMG_7434-2-768x1028.jpg 768w, https:\/\/thalassa-nautic.com\/wp-content\/uploads\/2020\/11\/IMG_7434-2-1147x1536.jpg 1147w, https:\/\/thalassa-nautic.com\/wp-content\/uploads\/2020\/11\/IMG_7434-2-1530x2048.jpg 1530w, https:\/\/thalassa-nautic.com\/wp-content\/uploads\/2020\/11\/IMG_7434-2-scaled.jpg 1912w\" sizes=\"(max-width: 765px) 100vw, 765px\" \/><\/figure><\/li><\/ul><\/figure>\n\n\n\n<div class=\"wp-block-jetpack-tiled-gallery aligncenter is-style-columns\"><div class=\"tiled-gallery__gallery\"><div class=\"tiled-gallery__row\"><div class=\"tiled-gallery__col\" style=\"flex-basis:64.14005937999406%\"><figure class=\"tiled-gallery__item\"><img srcset=\"https:\/\/i2.wp.com\/thalassa-nautic.com\/wp-content\/uploads\/2020\/11\/IMG_7332-7-scaled.jpg?strip=info&#038;w=600 600w,https:\/\/i2.wp.com\/thalassa-nautic.com\/wp-content\/uploads\/2020\/11\/IMG_7332-7-scaled.jpg?strip=info&#038;w=900 900w,https:\/\/i2.wp.com\/thalassa-nautic.com\/wp-content\/uploads\/2020\/11\/IMG_7332-7-scaled.jpg?strip=info&#038;w=1200 1200w,https:\/\/i2.wp.com\/thalassa-nautic.com\/wp-content\/uploads\/2020\/11\/IMG_7332-7-scaled.jpg?strip=info&#038;w=1500 1500w,https:\/\/i2.wp.com\/thalassa-nautic.com\/wp-content\/uploads\/2020\/11\/IMG_7332-7-scaled.jpg?strip=info&#038;w=1800 1800w,https:\/\/i2.wp.com\/thalassa-nautic.com\/wp-content\/uploads\/2020\/11\/IMG_7332-7-scaled.jpg?strip=info&#038;w=1912 1912w\" alt=\"\" data-height=\"1912\" data-id=\"803\" data-link=\"https:\/\/thalassa-nautic.com\/index.php\/travaux-damenagement-et-reparation-polyester\/img_7332-7\/\" data-url=\"https:\/\/thalassa-nautic.com\/wp-content\/uploads\/2020\/11\/IMG_7332-7-scaled.jpg\" data-width=\"2560\" src=\"https:\/\/i2.wp.com\/thalassa-nautic.com\/wp-content\/uploads\/2020\/11\/IMG_7332-7-scaled.jpg\" layout=\"responsive\"\/><\/figure><\/div><div class=\"tiled-gallery__col\" style=\"flex-basis:35.859940620005936%\"><figure class=\"tiled-gallery__item\"><img srcset=\"https:\/\/i1.wp.com\/thalassa-nautic.com\/wp-content\/uploads\/2020\/11\/IMG_7376-6-scaled.jpg?strip=info&#038;w=600 600w,https:\/\/i1.wp.com\/thalassa-nautic.com\/wp-content\/uploads\/2020\/11\/IMG_7376-6-scaled.jpg?strip=info&#038;w=900 900w,https:\/\/i1.wp.com\/thalassa-nautic.com\/wp-content\/uploads\/2020\/11\/IMG_7376-6-scaled.jpg?strip=info&#038;w=1200 1200w,https:\/\/i1.wp.com\/thalassa-nautic.com\/wp-content\/uploads\/2020\/11\/IMG_7376-6-scaled.jpg?strip=info&#038;w=1500 1500w,https:\/\/i1.wp.com\/thalassa-nautic.com\/wp-content\/uploads\/2020\/11\/IMG_7376-6-scaled.jpg?strip=info&#038;w=1800 1800w,https:\/\/i1.wp.com\/thalassa-nautic.com\/wp-content\/uploads\/2020\/11\/IMG_7376-6-scaled.jpg?strip=info&#038;w=2000 2000w\" alt=\"\" data-height=\"2560\" data-id=\"805\" data-link=\"https:\/\/thalassa-nautic.com\/index.php\/travaux-damenagement-et-reparation-polyester\/img_7376-6\/\" data-url=\"https:\/\/thalassa-nautic.com\/wp-content\/uploads\/2020\/11\/IMG_7376-6-scaled.jpg\" data-width=\"1912\" src=\"https:\/\/i1.wp.com\/thalassa-nautic.com\/wp-content\/uploads\/2020\/11\/IMG_7376-6-scaled.jpg\" layout=\"responsive\"\/><\/figure><\/div><\/div><\/div><\/div>\n\n\n\n<p class=\"has-text-align-center\"><strong>Main courante et porte gobelet arrach\u00e9s<\/strong><\/p>\n\n\n\n<figure class=\"wp-block-gallery columns-3 is-cropped\"><ul class=\"blocks-gallery-grid\"><li class=\"blocks-gallery-item\"><figure><img loading=\"lazy\" width=\"765\" height=\"1024\" src=\"https:\/\/thalassa-nautic.com\/wp-content\/uploads\/2020\/11\/IMG_7565-1-765x1024.jpg\" alt=\"\" data-id=\"810\" data-link=\"https:\/\/thalassa-nautic.com\/index.php\/travaux-damenagement-et-reparation-polyester\/img_7565-1\/\" class=\"wp-image-810\" srcset=\"https:\/\/thalassa-nautic.com\/wp-content\/uploads\/2020\/11\/IMG_7565-1-765x1024.jpg 765w, https:\/\/thalassa-nautic.com\/wp-content\/uploads\/2020\/11\/IMG_7565-1-224x300.jpg 224w, https:\/\/thalassa-nautic.com\/wp-content\/uploads\/2020\/11\/IMG_7565-1-768x1028.jpg 768w, https:\/\/thalassa-nautic.com\/wp-content\/uploads\/2020\/11\/IMG_7565-1-1147x1536.jpg 1147w, https:\/\/thalassa-nautic.com\/wp-content\/uploads\/2020\/11\/IMG_7565-1-1530x2048.jpg 1530w, https:\/\/thalassa-nautic.com\/wp-content\/uploads\/2020\/11\/IMG_7565-1-scaled.jpg 1912w\" sizes=\"(max-width: 765px) 100vw, 765px\" \/><figcaption class=\"blocks-gallery-item__caption\">Fond de cockpit perdu<\/figcaption><\/figure><\/li><li class=\"blocks-gallery-item\"><figure><img loading=\"lazy\" width=\"765\" height=\"1024\" src=\"https:\/\/thalassa-nautic.com\/wp-content\/uploads\/2020\/11\/IMG_7463-1-765x1024.jpg\" alt=\"\" data-id=\"812\" data-link=\"https:\/\/thalassa-nautic.com\/index.php\/travaux-damenagement-et-reparation-polyester\/img_7463-1\/\" class=\"wp-image-812\" srcset=\"https:\/\/thalassa-nautic.com\/wp-content\/uploads\/2020\/11\/IMG_7463-1-765x1024.jpg 765w, https:\/\/thalassa-nautic.com\/wp-content\/uploads\/2020\/11\/IMG_7463-1-224x300.jpg 224w, https:\/\/thalassa-nautic.com\/wp-content\/uploads\/2020\/11\/IMG_7463-1-768x1028.jpg 768w, https:\/\/thalassa-nautic.com\/wp-content\/uploads\/2020\/11\/IMG_7463-1-1147x1536.jpg 1147w, https:\/\/thalassa-nautic.com\/wp-content\/uploads\/2020\/11\/IMG_7463-1-1530x2048.jpg 1530w, https:\/\/thalassa-nautic.com\/wp-content\/uploads\/2020\/11\/IMG_7463-1-scaled.jpg 1912w\" sizes=\"(max-width: 765px) 100vw, 765px\" \/><figcaption class=\"blocks-gallery-item__caption\">Fabrication d&#8217;un nouveau<\/figcaption><\/figure><\/li><li class=\"blocks-gallery-item\"><figure><img loading=\"lazy\" width=\"765\" height=\"1024\" src=\"https:\/\/thalassa-nautic.com\/wp-content\/uploads\/2020\/11\/IMG_7564-1-765x1024.jpg\" alt=\"\" data-id=\"813\" data-full-url=\"https:\/\/thalassa-nautic.com\/wp-content\/uploads\/2020\/11\/IMG_7564-1-scaled.jpg\" data-link=\"https:\/\/thalassa-nautic.com\/index.php\/travaux-damenagement-et-reparation-polyester\/img_7564-1\/\" class=\"wp-image-813\" srcset=\"https:\/\/thalassa-nautic.com\/wp-content\/uploads\/2020\/11\/IMG_7564-1-765x1024.jpg 765w, https:\/\/thalassa-nautic.com\/wp-content\/uploads\/2020\/11\/IMG_7564-1-224x300.jpg 224w, https:\/\/thalassa-nautic.com\/wp-content\/uploads\/2020\/11\/IMG_7564-1-768x1028.jpg 768w, https:\/\/thalassa-nautic.com\/wp-content\/uploads\/2020\/11\/IMG_7564-1-1147x1536.jpg 1147w, https:\/\/thalassa-nautic.com\/wp-content\/uploads\/2020\/11\/IMG_7564-1-1530x2048.jpg 1530w, https:\/\/thalassa-nautic.com\/wp-content\/uploads\/2020\/11\/IMG_7564-1-scaled.jpg 1912w\" sizes=\"(max-width: 765px) 100vw, 765px\" \/><figcaption class=\"blocks-gallery-item__caption\">Habillage en teck<\/figcaption><\/figure><\/li><\/ul><\/figure>\n\n\n\n<p class=\"has-text-align-center\"><strong>Pose d&#8217;un propulseur d&#8217;\u00e9trave<\/strong><\/p>\n\n\n\n<div class=\"wp-block-jetpack-tiled-gallery aligncenter is-style-rectangular\"><div class=\"tiled-gallery__gallery\"><div class=\"tiled-gallery__row\"><div class=\"tiled-gallery__col\" style=\"flex-basis:65.55345176777652%\"><figure class=\"tiled-gallery__item\"><img srcset=\"https:\/\/i0.wp.com\/thalassa-nautic.com\/wp-content\/uploads\/2020\/12\/images-14.jpg?strip=info&#038;w=194 194w\" alt=\"\" data-height=\"194\" data-id=\"1103\" data-link=\"https:\/\/thalassa-nautic.com\/index.php\/travaux-damenagement-et-reparation-polyester\/images-14\/\" data-url=\"https:\/\/thalassa-nautic.com\/wp-content\/uploads\/2020\/12\/images-14.jpg\" data-width=\"259\" src=\"https:\/\/i0.wp.com\/thalassa-nautic.com\/wp-content\/uploads\/2020\/12\/images-14.jpg\" layout=\"responsive\"\/><\/figure><\/div><div class=\"tiled-gallery__col\" style=\"flex-basis:34.446548232223485%\"><figure class=\"tiled-gallery__item\"><img srcset=\"https:\/\/i2.wp.com\/thalassa-nautic.com\/wp-content\/uploads\/2020\/12\/images-1-4.jpg?strip=info&#038;w=194 194w\" alt=\"\" data-height=\"194\" data-id=\"1104\" data-link=\"https:\/\/thalassa-nautic.com\/index.php\/travaux-damenagement-et-reparation-polyester\/images-1-4\/\" data-url=\"https:\/\/thalassa-nautic.com\/wp-content\/uploads\/2020\/12\/images-1-4.jpg\" data-width=\"259\" src=\"https:\/\/i2.wp.com\/thalassa-nautic.com\/wp-content\/uploads\/2020\/12\/images-1-4.jpg\" layout=\"responsive\"\/><\/figure><figure class=\"tiled-gallery__item\"><img srcset=\"https:\/\/i0.wp.com\/thalassa-nautic.com\/wp-content\/uploads\/2020\/12\/images-2-5.jpg?strip=info&#038;w=183 183w\" alt=\"\" data-height=\"183\" data-id=\"1105\" data-link=\"https:\/\/thalassa-nautic.com\/index.php\/travaux-damenagement-et-reparation-polyester\/images-2-5\/\" data-url=\"https:\/\/thalassa-nautic.com\/wp-content\/uploads\/2020\/12\/images-2-5.jpg\" data-width=\"275\" src=\"https:\/\/i0.wp.com\/thalassa-nautic.com\/wp-content\/uploads\/2020\/12\/images-2-5.jpg\" layout=\"responsive\"\/><\/figure><\/div><\/div><\/div><\/div>\n\n\n\n<p><strong>Pose de r\u00e9servoirs \u00e0 eaux noires ou traitement par \u00e9lectroscan.<\/strong><\/p>\n\n\n\n<div class=\"wp-block-jetpack-tiled-gallery aligncenter is-style-rectangular\"><div class=\"tiled-gallery__gallery\"><div class=\"tiled-gallery__row\"><div class=\"tiled-gallery__col\" style=\"flex-basis:46.17035148791032%\"><figure class=\"tiled-gallery__item\"><img srcset=\"https:\/\/i1.wp.com\/thalassa-nautic.com\/wp-content\/uploads\/2020\/12\/download-6.jpg?strip=info&#038;w=201 201w\" alt=\"\" data-height=\"201\" data-id=\"1108\" data-link=\"https:\/\/thalassa-nautic.com\/index.php\/travaux-damenagement-et-reparation-polyester\/download-6\/\" data-url=\"https:\/\/thalassa-nautic.com\/wp-content\/uploads\/2020\/12\/download-6.jpg\" data-width=\"251\" src=\"https:\/\/i1.wp.com\/thalassa-nautic.com\/wp-content\/uploads\/2020\/12\/download-6.jpg\" layout=\"responsive\"\/><\/figure><\/div><div class=\"tiled-gallery__col\" style=\"flex-basis:53.82964851208969%\"><figure class=\"tiled-gallery__item\"><img srcset=\"https:\/\/i1.wp.com\/thalassa-nautic.com\/wp-content\/uploads\/2020\/12\/images-15.jpg?strip=info&#038;w=186 186w\" alt=\"\" data-height=\"186\" data-id=\"1109\" data-link=\"https:\/\/thalassa-nautic.com\/index.php\/travaux-damenagement-et-reparation-polyester\/images-15\/\" data-url=\"https:\/\/thalassa-nautic.com\/wp-content\/uploads\/2020\/12\/images-15.jpg\" data-width=\"271\" src=\"https:\/\/i1.wp.com\/thalassa-nautic.com\/wp-content\/uploads\/2020\/12\/images-15.jpg\" layout=\"responsive\"\/><\/figure><\/div><\/div><\/div><\/div>\n","protected":false},"excerpt":{"rendered":"<p>Mon parcours professionnel depuis 20 ans mon amen\u00e9e \u00e0 suivre diff\u00e9rentes formations. Les m\u00e9tiers de la mer de Palavas d\u2019un an, une formation de m\u00e9canicien bateaux \u00e0 l\u2019AFPA de Marseille d\u2019un an, des stages de perfectionnement chez Jeanneau, une formation chez AGL Marine sur les vernis et laques EPIFANES, un poste chez Nauti-Cap en tant [&hellip;]<\/p>\n","protected":false},"author":1,"featured_media":0,"parent":0,"menu_order":0,"comment_status":"closed","ping_status":"closed","template":"","meta":{"spay_email":""},"_links":{"self":[{"href":"https:\/\/thalassa-nautic.com\/index.php\/wp-json\/wp\/v2\/pages\/529"}],"collection":[{"href":"https:\/\/thalassa-nautic.com\/index.php\/wp-json\/wp\/v2\/pages"}],"about":[{"href":"https:\/\/thalassa-nautic.com\/index.php\/wp-json\/wp\/v2\/types\/page"}],"author":[{"embeddable":true,"href":"https:\/\/thalassa-nautic.com\/index.php\/wp-json\/wp\/v2\/users\/1"}],"replies":[{"embeddable":true,"href":"https:\/\/thalassa-nautic.com\/index.php\/wp-json\/wp\/v2\/comments?post=529"}],"version-history":[{"count":31,"href":"https:\/\/thalassa-nautic.com\/index.php\/wp-json\/wp\/v2\/pages\/529\/revisions"}],"predecessor-version":[{"id":1110,"href":"https:\/\/thalassa-nautic.com\/index.php\/wp-json\/wp\/v2\/pages\/529\/revisions\/1110"}],"wp:attachment":[{"href":"https:\/\/thalassa-nautic.com\/index.php\/wp-json\/wp\/v2\/media?parent=529"}],"curies":[{"name":"wp","href":"https:\/\/api.w.org\/{rel}","templated":true}]}}