{"id":526,"date":"2020-11-25T16:13:27","date_gmt":"2020-11-25T15:13:27","guid":{"rendered":"http:\/\/thalassa-nautic.com\/?page_id=526"},"modified":"2020-12-11T08:45:04","modified_gmt":"2020-12-11T07:45:04","slug":"fabrication-de-pieces-en-polyester-sur-mesures","status":"publish","type":"page","link":"https:\/\/thalassa-nautic.com\/index.php\/fabrication-de-pieces-en-polyester-sur-mesures\/","title":{"rendered":"FABRICATION DE PI\u00c8CES  SUR MESURES"},"content":{"rendered":"\n<p class=\"has-black-color has-cyan-bluish-gray-background-color has-text-color has-background has-medium-font-size\">Vous avez une id\u00e9e, venez avec vos interrogations, je viendrais avec mes solutions. Quelles que soient les difficult\u00e9s rencontr\u00e9es, sur l\u2019opportunit\u00e9 ou la faisabilit\u00e9 d\u2019une option, la solution existe. Si toutefois elle ne rentre pas dans mes comp\u00e9tences, je saurai vous diriger vers le professionnel ad\u00e9quat. Vos exigences seront satisfaites, l\u2019ensemble sera fonctionnel en alliant un design coh\u00e9rent avec le bateau.<\/p>\n\n\n\n<figure class=\"wp-block-image size-large\"><img loading=\"lazy\" width=\"1024\" height=\"768\" src=\"https:\/\/thalassa-nautic.com\/wp-content\/uploads\/2020\/11\/20110216_013212_IMG_0111_1024x7-1.jpg\" alt=\"\" class=\"wp-image-767\" srcset=\"https:\/\/thalassa-nautic.com\/wp-content\/uploads\/2020\/11\/20110216_013212_IMG_0111_1024x7-1.jpg 1024w, https:\/\/thalassa-nautic.com\/wp-content\/uploads\/2020\/11\/20110216_013212_IMG_0111_1024x7-1-300x225.jpg 300w, https:\/\/thalassa-nautic.com\/wp-content\/uploads\/2020\/11\/20110216_013212_IMG_0111_1024x7-1-768x576.jpg 768w, https:\/\/thalassa-nautic.com\/wp-content\/uploads\/2020\/11\/20110216_013212_IMG_0111_1024x7-1-160x120.jpg 160w\" sizes=\"(max-width: 1024px) 100vw, 1024px\" \/><\/figure>\n\n\n\n<figure class=\"wp-block-image size-large\"><img loading=\"lazy\" width=\"1024\" height=\"765\" src=\"https:\/\/thalassa-nautic.com\/wp-content\/uploads\/2020\/11\/IMG_7891-1024x765.jpg\" alt=\"\" class=\"wp-image-557\" srcset=\"https:\/\/thalassa-nautic.com\/wp-content\/uploads\/2020\/11\/IMG_7891-1024x765.jpg 1024w, https:\/\/thalassa-nautic.com\/wp-content\/uploads\/2020\/11\/IMG_7891-300x224.jpg 300w, https:\/\/thalassa-nautic.com\/wp-content\/uploads\/2020\/11\/IMG_7891-768x574.jpg 768w, https:\/\/thalassa-nautic.com\/wp-content\/uploads\/2020\/11\/IMG_7891-1536x1147.jpg 1536w, https:\/\/thalassa-nautic.com\/wp-content\/uploads\/2020\/11\/IMG_7891-2048x1530.jpg 2048w, https:\/\/thalassa-nautic.com\/wp-content\/uploads\/2020\/11\/IMG_7891-160x120.jpg 160w\" sizes=\"(max-width: 1024px) 100vw, 1024px\" \/><figcaption><strong>Fermeture tableau arri\u00e8re. M\u00e9trage bateau respecter. Charni\u00e8res Haute r\u00e9sistance <\/strong><\/figcaption><\/figure>\n\n\n\n<figure class=\"wp-block-image size-large\"><img loading=\"lazy\" width=\"1024\" height=\"765\" src=\"https:\/\/thalassa-nautic.com\/wp-content\/uploads\/2020\/11\/IMG_7893-1024x765.jpg\" alt=\"\" class=\"wp-image-558\" srcset=\"https:\/\/thalassa-nautic.com\/wp-content\/uploads\/2020\/11\/IMG_7893-1024x765.jpg 1024w, https:\/\/thalassa-nautic.com\/wp-content\/uploads\/2020\/11\/IMG_7893-300x224.jpg 300w, https:\/\/thalassa-nautic.com\/wp-content\/uploads\/2020\/11\/IMG_7893-768x574.jpg 768w, https:\/\/thalassa-nautic.com\/wp-content\/uploads\/2020\/11\/IMG_7893-1536x1147.jpg 1536w, https:\/\/thalassa-nautic.com\/wp-content\/uploads\/2020\/11\/IMG_7893-2048x1530.jpg 2048w, https:\/\/thalassa-nautic.com\/wp-content\/uploads\/2020\/11\/IMG_7893-160x120.jpg 160w\" sizes=\"(max-width: 1024px) 100vw, 1024px\" \/><figcaption><strong>Echelle de bain int\u00e9gr\u00e9. Mains courantes. Jambes de force en Dyn\u00e9ma. Loquet automatique.<\/strong><\/figcaption><\/figure>\n\n\n\n<div class=\"wp-block-jetpack-tiled-gallery aligncenter is-style-square\"><div class=\"tiled-gallery__gallery\"><div class=\"tiled-gallery__row columns-3\"><div class=\"tiled-gallery__col\"><figure class=\"tiled-gallery__item\"><img srcset=\"https:\/\/i2.wp.com\/thalassa-nautic.com\/wp-content\/uploads\/2020\/12\/IMG_8198-4-scaled.jpg?resize=600,600&#038;strip=info 600w,https:\/\/i2.wp.com\/thalassa-nautic.com\/wp-content\/uploads\/2020\/12\/IMG_8198-4-scaled.jpg?resize=900,900&#038;strip=info 900w,https:\/\/i2.wp.com\/thalassa-nautic.com\/wp-content\/uploads\/2020\/12\/IMG_8198-4-scaled.jpg?resize=1200,1200&#038;strip=info 1200w,https:\/\/i2.wp.com\/thalassa-nautic.com\/wp-content\/uploads\/2020\/12\/IMG_8198-4-scaled.jpg?resize=1500,1500&#038;strip=info 1500w,https:\/\/i2.wp.com\/thalassa-nautic.com\/wp-content\/uploads\/2020\/12\/IMG_8198-4-scaled.jpg?resize=1800,1800&#038;strip=info 1800w,https:\/\/i2.wp.com\/thalassa-nautic.com\/wp-content\/uploads\/2020\/12\/IMG_8198-4-scaled.jpg?resize=1912,1912&#038;strip=info 1912w\" alt=\"\" data-height=\"1912\" data-id=\"1077\" data-link=\"https:\/\/thalassa-nautic.com\/index.php\/fabrication-de-pieces-en-polyester-sur-mesures\/img_8198-4\/\" data-url=\"https:\/\/thalassa-nautic.com\/wp-content\/uploads\/2020\/12\/IMG_8198-4-scaled.jpg\" data-width=\"2560\" src=\"https:\/\/i2.wp.com\/thalassa-nautic.com\/wp-content\/uploads\/2020\/12\/IMG_8198-4-scaled.jpg?resize=1912%2C1912\" layout=\"responsive\"\/><\/figure><\/div><div class=\"tiled-gallery__col\"><figure class=\"tiled-gallery__item\"><img srcset=\"https:\/\/i2.wp.com\/thalassa-nautic.com\/wp-content\/uploads\/2020\/12\/IMG_8223-3-scaled.jpg?resize=600,600&#038;strip=info 600w,https:\/\/i2.wp.com\/thalassa-nautic.com\/wp-content\/uploads\/2020\/12\/IMG_8223-3-scaled.jpg?resize=900,900&#038;strip=info 900w,https:\/\/i2.wp.com\/thalassa-nautic.com\/wp-content\/uploads\/2020\/12\/IMG_8223-3-scaled.jpg?resize=1200,1200&#038;strip=info 1200w,https:\/\/i2.wp.com\/thalassa-nautic.com\/wp-content\/uploads\/2020\/12\/IMG_8223-3-scaled.jpg?resize=1500,1500&#038;strip=info 1500w,https:\/\/i2.wp.com\/thalassa-nautic.com\/wp-content\/uploads\/2020\/12\/IMG_8223-3-scaled.jpg?resize=1800,1800&#038;strip=info 1800w,https:\/\/i2.wp.com\/thalassa-nautic.com\/wp-content\/uploads\/2020\/12\/IMG_8223-3-scaled.jpg?resize=1912,1912&#038;strip=info 1912w\" alt=\"\" data-height=\"1912\" data-id=\"1078\" data-link=\"https:\/\/thalassa-nautic.com\/index.php\/fabrication-de-pieces-en-polyester-sur-mesures\/img_8223-3\/\" data-url=\"https:\/\/thalassa-nautic.com\/wp-content\/uploads\/2020\/12\/IMG_8223-3-scaled.jpg\" data-width=\"2560\" src=\"https:\/\/i2.wp.com\/thalassa-nautic.com\/wp-content\/uploads\/2020\/12\/IMG_8223-3-scaled.jpg?resize=1912%2C1912\" layout=\"responsive\"\/><\/figure><\/div><div class=\"tiled-gallery__col\"><figure class=\"tiled-gallery__item\"><img srcset=\"https:\/\/i1.wp.com\/thalassa-nautic.com\/wp-content\/uploads\/2020\/12\/IMG_8225-2-scaled.jpg?resize=600,600&#038;strip=info 600w,https:\/\/i1.wp.com\/thalassa-nautic.com\/wp-content\/uploads\/2020\/12\/IMG_8225-2-scaled.jpg?resize=900,900&#038;strip=info 900w,https:\/\/i1.wp.com\/thalassa-nautic.com\/wp-content\/uploads\/2020\/12\/IMG_8225-2-scaled.jpg?resize=1200,1200&#038;strip=info 1200w,https:\/\/i1.wp.com\/thalassa-nautic.com\/wp-content\/uploads\/2020\/12\/IMG_8225-2-scaled.jpg?resize=1500,1500&#038;strip=info 1500w,https:\/\/i1.wp.com\/thalassa-nautic.com\/wp-content\/uploads\/2020\/12\/IMG_8225-2-scaled.jpg?resize=1800,1800&#038;strip=info 1800w,https:\/\/i1.wp.com\/thalassa-nautic.com\/wp-content\/uploads\/2020\/12\/IMG_8225-2-scaled.jpg?resize=1912,1912&#038;strip=info 1912w\" alt=\"\" data-height=\"1912\" data-id=\"1080\" data-link=\"https:\/\/thalassa-nautic.com\/index.php\/fabrication-de-pieces-en-polyester-sur-mesures\/img_8225-2\/\" data-url=\"https:\/\/thalassa-nautic.com\/wp-content\/uploads\/2020\/12\/IMG_8225-2-scaled.jpg\" data-width=\"2560\" src=\"https:\/\/i1.wp.com\/thalassa-nautic.com\/wp-content\/uploads\/2020\/12\/IMG_8225-2-scaled.jpg?resize=1912%2C1912\" layout=\"responsive\"\/><\/figure><\/div><\/div><\/div><\/div>\n\n\n\n<p class=\"has-text-align-center\"><strong>Modification d\u2019une porte de descente en plexi classique en porte western avec bloqueurs. Ouverture de porte facile et plus besoin d\u2019un rangement excentr\u00e9.<\/strong><\/p>\n","protected":false},"excerpt":{"rendered":"<p>Vous avez une id\u00e9e, venez avec vos interrogations, je viendrais avec mes solutions. Quelles que soient les difficult\u00e9s rencontr\u00e9es, sur l\u2019opportunit\u00e9 ou la faisabilit\u00e9 d\u2019une option, la solution existe. Si toutefois elle ne rentre pas dans mes comp\u00e9tences, je saurai vous diriger vers le professionnel ad\u00e9quat. Vos exigences seront satisfaites, l\u2019ensemble sera fonctionnel en alliant [&hellip;]<\/p>\n","protected":false},"author":1,"featured_media":0,"parent":0,"menu_order":0,"comment_status":"closed","ping_status":"closed","template":"","meta":{"spay_email":""},"_links":{"self":[{"href":"https:\/\/thalassa-nautic.com\/index.php\/wp-json\/wp\/v2\/pages\/526"}],"collection":[{"href":"https:\/\/thalassa-nautic.com\/index.php\/wp-json\/wp\/v2\/pages"}],"about":[{"href":"https:\/\/thalassa-nautic.com\/index.php\/wp-json\/wp\/v2\/types\/page"}],"author":[{"embeddable":true,"href":"https:\/\/thalassa-nautic.com\/index.php\/wp-json\/wp\/v2\/users\/1"}],"replies":[{"embeddable":true,"href":"https:\/\/thalassa-nautic.com\/index.php\/wp-json\/wp\/v2\/comments?post=526"}],"version-history":[{"count":14,"href":"https:\/\/thalassa-nautic.com\/index.php\/wp-json\/wp\/v2\/pages\/526\/revisions"}],"predecessor-version":[{"id":1082,"href":"https:\/\/thalassa-nautic.com\/index.php\/wp-json\/wp\/v2\/pages\/526\/revisions\/1082"}],"wp:attachment":[{"href":"https:\/\/thalassa-nautic.com\/index.php\/wp-json\/wp\/v2\/media?parent=526"}],"curies":[{"name":"wp","href":"https:\/\/api.w.org\/{rel}","templated":true}]}}