{"id":523,"date":"2020-11-25T16:11:46","date_gmt":"2020-11-25T15:11:46","guid":{"rendered":"http:\/\/thalassa-nautic.com\/?page_id=523"},"modified":"2022-03-10T13:39:26","modified_gmt":"2022-03-10T12:39:26","slug":"preparations-de-bateaux-de-regate","status":"publish","type":"page","link":"https:\/\/thalassa-nautic.com\/index.php\/preparations-de-bateaux-de-regate\/","title":{"rendered":"PR\u00c9PARATIONS DE BATEAUX DE R\u00c9GATE"},"content":{"rendered":"\n<p class=\"has-black-color has-cyan-bluish-gray-background-color has-text-color has-background has-medium-font-size\">Tourn\u00e9 vers la mer depuis ma prime enfance, originaire de St Malo, avec une famille aguerrie aux m\u00e9tiers de la mer, marins p\u00eacheurs, Marine Nationale, ou marchande.<br>Mes colonies de vacances voile, mon engagement dans la Royale, mes participations aux diff\u00e9rents challenges de la baie d\u2019Aigues Morte, du troph\u00e9e Lacaze, participation au championnat de France Surprises, du troph\u00e9e Occitanie, b\u00e9n\u00e9vole aupr\u00e8s du Yacht Club de LA GRANDE MOTTE pour encadrer les diff\u00e9rentes comp\u00e9titions tels que le championnat du monde de Nacra 17, des qualifications au J.O. pour l\u2019\u00e9quipe de France, le championnat de monde des Tornado, des l\u2019Open Bic, de la minimax 6.50 et Figaro.<br>Tous ceux-ci jumel\u00e9 \u00e0 mon m\u00e9tier mon naturellement amen\u00e9 \u00e0 faire des pr\u00e9parations pour des r\u00e9gatiers tel que des mini 6.50 pour la \u00ab&nbsp;mini transat La Boulang\u00e8re&nbsp;\u00bb, Figaro pour la transat AG2R ou en Class 40 pour la Jacques Vabre.<br><\/p>\n\n\n\n<p class=\"has-text-align-center has-black-color has-cyan-bluish-gray-background-color has-text-color has-background has-medium-font-size\">Pour toutes demandes prenez contact et nous \u00e9tudierons votre projet ensemble.<\/p>\n\n\n\n<figure class=\"wp-block-image size-large\"><img loading=\"lazy\" width=\"1024\" height=\"768\" src=\"https:\/\/thalassa-nautic.com\/wp-content\/uploads\/2022\/03\/210921-Pre\u0301paration-bateau-course-au-large-Thalassa-Nautic-1-1024x768.jpeg\" alt=\"\" class=\"wp-image-1126\" srcset=\"https:\/\/thalassa-nautic.com\/wp-content\/uploads\/2022\/03\/210921-Pre\u0301paration-bateau-course-au-large-Thalassa-Nautic-1-1024x768.jpeg 1024w, https:\/\/thalassa-nautic.com\/wp-content\/uploads\/2022\/03\/210921-Pre\u0301paration-bateau-course-au-large-Thalassa-Nautic-1-300x225.jpeg 300w, https:\/\/thalassa-nautic.com\/wp-content\/uploads\/2022\/03\/210921-Pre\u0301paration-bateau-course-au-large-Thalassa-Nautic-1-768x576.jpeg 768w, https:\/\/thalassa-nautic.com\/wp-content\/uploads\/2022\/03\/210921-Pre\u0301paration-bateau-course-au-large-Thalassa-Nautic-1-1536x1152.jpeg 1536w, https:\/\/thalassa-nautic.com\/wp-content\/uploads\/2022\/03\/210921-Pre\u0301paration-bateau-course-au-large-Thalassa-Nautic-1-2048x1536.jpeg 2048w, https:\/\/thalassa-nautic.com\/wp-content\/uploads\/2022\/03\/210921-Pre\u0301paration-bateau-course-au-large-Thalassa-Nautic-1-1320x990.jpeg 1320w\" sizes=\"(max-width: 1024px) 100vw, 1024px\" \/><figcaption>Pr\u00e9paration du Class40 du navigateur Jean-Pierre Balmes, pour plusieurs projets de courses au large.<br>#148 FullSave, magnifique bateau de 12,18 m de long et 4,5 m de large.<\/figcaption><\/figure>\n\n\n\n<figure class=\"wp-block-image size-large\"><img loading=\"lazy\" width=\"1024\" height=\"765\" src=\"https:\/\/thalassa-nautic.com\/wp-content\/uploads\/2020\/11\/IMG_5781-copie-1024x765.jpg\" alt=\"\" class=\"wp-image-567\" srcset=\"https:\/\/thalassa-nautic.com\/wp-content\/uploads\/2020\/11\/IMG_5781-copie-1024x765.jpg 1024w, https:\/\/thalassa-nautic.com\/wp-content\/uploads\/2020\/11\/IMG_5781-copie-300x224.jpg 300w, https:\/\/thalassa-nautic.com\/wp-content\/uploads\/2020\/11\/IMG_5781-copie-768x574.jpg 768w, https:\/\/thalassa-nautic.com\/wp-content\/uploads\/2020\/11\/IMG_5781-copie-1536x1147.jpg 1536w, https:\/\/thalassa-nautic.com\/wp-content\/uploads\/2020\/11\/IMG_5781-copie-2048x1530.jpg 2048w, https:\/\/thalassa-nautic.com\/wp-content\/uploads\/2020\/11\/IMG_5781-copie-160x120.jpg 160w\" sizes=\"(max-width: 1024px) 100vw, 1024px\" \/><figcaption>Figaro sur l&#8217;AG2R.<\/figcaption><\/figure>\n","protected":false},"excerpt":{"rendered":"<p>Tourn\u00e9 vers la mer depuis ma prime enfance, originaire de St Malo, avec une famille aguerrie aux m\u00e9tiers de la mer, marins p\u00eacheurs, Marine Nationale, ou marchande.Mes colonies de vacances voile, mon engagement dans la Royale, mes participations aux diff\u00e9rents challenges de la baie d\u2019Aigues Morte, du troph\u00e9e Lacaze, participation au championnat de France Surprises, [&hellip;]<\/p>\n","protected":false},"author":1,"featured_media":0,"parent":0,"menu_order":0,"comment_status":"closed","ping_status":"closed","template":"","meta":{"spay_email":""},"_links":{"self":[{"href":"https:\/\/thalassa-nautic.com\/index.php\/wp-json\/wp\/v2\/pages\/523"}],"collection":[{"href":"https:\/\/thalassa-nautic.com\/index.php\/wp-json\/wp\/v2\/pages"}],"about":[{"href":"https:\/\/thalassa-nautic.com\/index.php\/wp-json\/wp\/v2\/types\/page"}],"author":[{"embeddable":true,"href":"https:\/\/thalassa-nautic.com\/index.php\/wp-json\/wp\/v2\/users\/1"}],"replies":[{"embeddable":true,"href":"https:\/\/thalassa-nautic.com\/index.php\/wp-json\/wp\/v2\/comments?post=523"}],"version-history":[{"count":14,"href":"https:\/\/thalassa-nautic.com\/index.php\/wp-json\/wp\/v2\/pages\/523\/revisions"}],"predecessor-version":[{"id":1127,"href":"https:\/\/thalassa-nautic.com\/index.php\/wp-json\/wp\/v2\/pages\/523\/revisions\/1127"}],"wp:attachment":[{"href":"https:\/\/thalassa-nautic.com\/index.php\/wp-json\/wp\/v2\/media?parent=523"}],"curies":[{"name":"wp","href":"https:\/\/api.w.org\/{rel}","templated":true}]}}