{"id":515,"date":"2020-11-25T15:40:10","date_gmt":"2020-11-25T14:40:10","guid":{"rendered":"http:\/\/thalassa-nautic.com\/?page_id=515"},"modified":"2020-11-30T19:22:33","modified_gmt":"2020-11-30T18:22:33","slug":"conseils","status":"publish","type":"page","link":"https:\/\/thalassa-nautic.com\/index.php\/conseils\/","title":{"rendered":"CONSEILS"},"content":{"rendered":"\n<p class=\"has-black-color has-cyan-bluish-gray-background-color has-text-color has-background has-medium-font-size\"><strong>THALASSA NAUTIC est fort de son exp\u00e9rience dans le nautisme depuis 10 ans et moi-m\u00eame depuis 25 ans. J\u2019ai acquis au fil du temps \u00e9norm\u00e9ment de donner, de rencontres et de partenaires que je peux mettre \u00e0 votre profit.<br>Vous avez un projet\u00a0? Contactez-moi et nous d\u00e9ciderons ensemble quel chemin nous allons emprunter.<\/strong><\/p>\n\n\n\n<figure class=\"wp-block-gallery columns-2 is-cropped\"><ul class=\"blocks-gallery-grid\"><li class=\"blocks-gallery-item\"><figure><img loading=\"lazy\" width=\"763\" height=\"796\" src=\"https:\/\/thalassa-nautic.com\/wp-content\/uploads\/2020\/11\/IMG_8153-1.jpg\" alt=\"\" data-id=\"758\" data-link=\"https:\/\/thalassa-nautic.com\/index.php\/conseils\/img_8153-1\/\" class=\"wp-image-758\" srcset=\"https:\/\/thalassa-nautic.com\/wp-content\/uploads\/2020\/11\/IMG_8153-1.jpg 763w, https:\/\/thalassa-nautic.com\/wp-content\/uploads\/2020\/11\/IMG_8153-1-288x300.jpg 288w\" sizes=\"(max-width: 763px) 100vw, 763px\" \/><\/figure><\/li><li class=\"blocks-gallery-item\"><figure><img loading=\"lazy\" width=\"812\" height=\"804\" src=\"https:\/\/thalassa-nautic.com\/wp-content\/uploads\/2020\/11\/IMG_8152-1.jpg\" alt=\"\" data-id=\"759\" data-full-url=\"https:\/\/thalassa-nautic.com\/wp-content\/uploads\/2020\/11\/IMG_8152-1.jpg\" data-link=\"https:\/\/thalassa-nautic.com\/index.php\/conseils\/img_8152-1\/\" class=\"wp-image-759\" srcset=\"https:\/\/thalassa-nautic.com\/wp-content\/uploads\/2020\/11\/IMG_8152-1.jpg 812w, https:\/\/thalassa-nautic.com\/wp-content\/uploads\/2020\/11\/IMG_8152-1-300x297.jpg 300w, https:\/\/thalassa-nautic.com\/wp-content\/uploads\/2020\/11\/IMG_8152-1-150x150.jpg 150w, https:\/\/thalassa-nautic.com\/wp-content\/uploads\/2020\/11\/IMG_8152-1-768x760.jpg 768w\" sizes=\"(max-width: 812px) 100vw, 812px\" \/><\/figure><\/li><\/ul><\/figure>\n","protected":false},"excerpt":{"rendered":"<p>THALASSA NAUTIC est fort de son exp\u00e9rience dans le nautisme depuis 10 ans et moi-m\u00eame depuis 25 ans. J\u2019ai acquis au fil du temps \u00e9norm\u00e9ment de donner, de rencontres et de partenaires que je peux mettre \u00e0 votre profit.Vous avez un projet\u00a0? Contactez-moi et nous d\u00e9ciderons ensemble quel chemin nous allons emprunter.<\/p>\n","protected":false},"author":1,"featured_media":0,"parent":0,"menu_order":0,"comment_status":"closed","ping_status":"closed","template":"","meta":{"spay_email":""},"_links":{"self":[{"href":"https:\/\/thalassa-nautic.com\/index.php\/wp-json\/wp\/v2\/pages\/515"}],"collection":[{"href":"https:\/\/thalassa-nautic.com\/index.php\/wp-json\/wp\/v2\/pages"}],"about":[{"href":"https:\/\/thalassa-nautic.com\/index.php\/wp-json\/wp\/v2\/types\/page"}],"author":[{"embeddable":true,"href":"https:\/\/thalassa-nautic.com\/index.php\/wp-json\/wp\/v2\/users\/1"}],"replies":[{"embeddable":true,"href":"https:\/\/thalassa-nautic.com\/index.php\/wp-json\/wp\/v2\/comments?post=515"}],"version-history":[{"count":11,"href":"https:\/\/thalassa-nautic.com\/index.php\/wp-json\/wp\/v2\/pages\/515\/revisions"}],"predecessor-version":[{"id":930,"href":"https:\/\/thalassa-nautic.com\/index.php\/wp-json\/wp\/v2\/pages\/515\/revisions\/930"}],"wp:attachment":[{"href":"https:\/\/thalassa-nautic.com\/index.php\/wp-json\/wp\/v2\/media?parent=515"}],"curies":[{"name":"wp","href":"https:\/\/api.w.org\/{rel}","templated":true}]}}