{"id":383,"date":"2019-11-09T19:10:24","date_gmt":"2019-11-09T18:10:24","guid":{"rendered":"http:\/\/thalassa-nautic.com\/?page_id=383"},"modified":"2020-12-04T19:38:52","modified_gmt":"2020-12-04T18:38:52","slug":"traitement-anti-osmose","status":"publish","type":"page","link":"https:\/\/thalassa-nautic.com\/index.php\/traitement-anti-osmose\/","title":{"rendered":"Traitement anti-osmose"},"content":{"rendered":"\n<p class=\"has-black-color has-cyan-bluish-gray-background-color has-text-color has-background has-medium-font-size\">Il arrive parfois que le gelcoat perde ses propri\u00e9t\u00e9s d\u2019\u00e9tanch\u00e9it\u00e9s et laisse passer l\u2019eau jusqu\u2019\u00e0 la fibre.<br>Cette eau par un ph\u00e9nom\u00e8ne chimique se transforme en acide et veut ressortir.<br>Cette transformation en acide a modifi\u00e9 la densit\u00e9 de l\u2019eau et celle-ci ne peut plus ressortir et forme une bulle.<br>Du coup l\u2019acide ronge la strat et \u00e0 terme d\u00e9lamine la coque.<br>Le d\u00e9laminage de la strat \u00e0 pour cons\u00e9quence de supprimer la r\u00e9sine qui sert \u00e0 coller entre eux les diff\u00e9rentes couches de tissus et vous perdez toute coh\u00e9sion des tissus et rigidit\u00e9 de la coque.<br>Ce ph\u00e9nom\u00e8ne est tr\u00e8s difficile \u00e0 mesurer en termes de prolif\u00e9ration et de temps.<br>Par contre il est tr\u00e8s facilement reconnaissable par l\u2019apparition de cloque qui renferme un liquide jaun\u00e2tre qui sent le vinaigre.<br>Si lors d\u2019une sortie d\u2019eau vous vous apercevez de cela prenez rendez-vous avec moi pour faire un bilan.<\/p>\n\n\n\n<p class=\"has-black-color has-cyan-bluish-gray-background-color has-text-color has-background has-medium-font-size\">Je peux vous assurer la prise de rendez-vous avec la capitainerie<br>Le convoyage du bateau vers la zone technique.<br>L\u2019intervention d\u2019un expert, si besoin.<br>Compte rendu avec envoi de photos pour \u00e9valuation des travaux.<br>Le traitement anti-osmose<br>Le rapatriement du bateau \u00e0 son ponton.<\/p>\n\n\n\n<figure class=\"wp-block-gallery columns-2 is-cropped\"><ul class=\"blocks-gallery-grid\"><li class=\"blocks-gallery-item\"><figure><img loading=\"lazy\" width=\"1024\" height=\"765\" src=\"https:\/\/thalassa-nautic.com\/wp-content\/uploads\/2020\/11\/IMG_7882-1-1024x765.jpg\" alt=\"\" data-id=\"651\" data-link=\"https:\/\/thalassa-nautic.com\/index.php\/traitement-anti-osmose\/img_7882-1\/\" class=\"wp-image-651\" srcset=\"https:\/\/thalassa-nautic.com\/wp-content\/uploads\/2020\/11\/IMG_7882-1-1024x765.jpg 1024w, https:\/\/thalassa-nautic.com\/wp-content\/uploads\/2020\/11\/IMG_7882-1-300x224.jpg 300w, https:\/\/thalassa-nautic.com\/wp-content\/uploads\/2020\/11\/IMG_7882-1-768x574.jpg 768w, https:\/\/thalassa-nautic.com\/wp-content\/uploads\/2020\/11\/IMG_7882-1-1536x1147.jpg 1536w, https:\/\/thalassa-nautic.com\/wp-content\/uploads\/2020\/11\/IMG_7882-1-2048x1530.jpg 2048w, https:\/\/thalassa-nautic.com\/wp-content\/uploads\/2020\/11\/IMG_7882-1-160x120.jpg 160w\" sizes=\"(max-width: 1024px) 100vw, 1024px\" \/><figcaption class=\"blocks-gallery-item__caption\"><br><br>Apparition de bulles d\u2019osmose sur les redans. Il faut Intervenir avant que l\u2019osmose se repende sur toute la coque<\/figcaption><\/figure><\/li><li class=\"blocks-gallery-item\"><figure><img loading=\"lazy\" width=\"1024\" height=\"765\" src=\"https:\/\/thalassa-nautic.com\/wp-content\/uploads\/2020\/11\/IMG_7814-1-1024x765.jpg\" alt=\"\" data-id=\"652\" data-full-url=\"https:\/\/thalassa-nautic.com\/wp-content\/uploads\/2020\/11\/IMG_7814-1-scaled.jpg\" data-link=\"https:\/\/thalassa-nautic.com\/index.php\/traitement-anti-osmose\/img_7814-1\/\" class=\"wp-image-652\" srcset=\"https:\/\/thalassa-nautic.com\/wp-content\/uploads\/2020\/11\/IMG_7814-1-1024x765.jpg 1024w, https:\/\/thalassa-nautic.com\/wp-content\/uploads\/2020\/11\/IMG_7814-1-300x224.jpg 300w, https:\/\/thalassa-nautic.com\/wp-content\/uploads\/2020\/11\/IMG_7814-1-768x574.jpg 768w, https:\/\/thalassa-nautic.com\/wp-content\/uploads\/2020\/11\/IMG_7814-1-1536x1147.jpg 1536w, https:\/\/thalassa-nautic.com\/wp-content\/uploads\/2020\/11\/IMG_7814-1-2048x1530.jpg 2048w, https:\/\/thalassa-nautic.com\/wp-content\/uploads\/2020\/11\/IMG_7814-1-160x120.jpg 160w\" sizes=\"(max-width: 1024px) 100vw, 1024px\" \/><figcaption class=\"blocks-gallery-item__caption\"><br><br>A\u00e9ro-gommage pour v\u00e9rifier l\u2019\u00e9tat g\u00e9n\u00e9ral de la coque. Retrait du gelcoat pour s\u00e9chage de la strat et marquage des taux d\u2019humidit\u00e9<\/figcaption><\/figure><\/li><\/ul><\/figure>\n\n\n\n<p><\/p>\n\n\n\n<figure class=\"wp-block-gallery columns-2 is-cropped\"><ul class=\"blocks-gallery-grid\"><li class=\"blocks-gallery-item\"><figure><img loading=\"lazy\" width=\"1024\" height=\"765\" src=\"https:\/\/thalassa-nautic.com\/wp-content\/uploads\/2020\/11\/IMG_7871-1-1024x765.jpg\" alt=\"\" data-id=\"654\" data-link=\"https:\/\/thalassa-nautic.com\/index.php\/traitement-anti-osmose\/img_7871-1\/\" class=\"wp-image-654\" srcset=\"https:\/\/thalassa-nautic.com\/wp-content\/uploads\/2020\/11\/IMG_7871-1-1024x765.jpg 1024w, https:\/\/thalassa-nautic.com\/wp-content\/uploads\/2020\/11\/IMG_7871-1-300x224.jpg 300w, https:\/\/thalassa-nautic.com\/wp-content\/uploads\/2020\/11\/IMG_7871-1-768x574.jpg 768w, https:\/\/thalassa-nautic.com\/wp-content\/uploads\/2020\/11\/IMG_7871-1-1536x1147.jpg 1536w, https:\/\/thalassa-nautic.com\/wp-content\/uploads\/2020\/11\/IMG_7871-1-2048x1530.jpg 2048w, https:\/\/thalassa-nautic.com\/wp-content\/uploads\/2020\/11\/IMG_7871-1-160x120.jpg 160w\" sizes=\"(max-width: 1024px) 100vw, 1024px\" \/><figcaption class=\"blocks-gallery-item__caption\"><br><br>Application d\u2019un enduit \u00e9poxy pour redonner la forme et l\u2019\u00e9tanch\u00e9it\u00e9 de la coque.<\/figcaption><\/figure><\/li><li class=\"blocks-gallery-item\"><figure><img loading=\"lazy\" width=\"1024\" height=\"765\" src=\"https:\/\/thalassa-nautic.com\/wp-content\/uploads\/2020\/11\/IMG_7876-2-1024x765.jpg\" alt=\"\" data-id=\"655\" data-full-url=\"https:\/\/thalassa-nautic.com\/wp-content\/uploads\/2020\/11\/IMG_7876-2-scaled.jpg\" data-link=\"https:\/\/thalassa-nautic.com\/index.php\/traitement-anti-osmose\/img_7876-2\/\" class=\"wp-image-655\" srcset=\"https:\/\/thalassa-nautic.com\/wp-content\/uploads\/2020\/11\/IMG_7876-2-1024x765.jpg 1024w, https:\/\/thalassa-nautic.com\/wp-content\/uploads\/2020\/11\/IMG_7876-2-300x224.jpg 300w, https:\/\/thalassa-nautic.com\/wp-content\/uploads\/2020\/11\/IMG_7876-2-768x574.jpg 768w, https:\/\/thalassa-nautic.com\/wp-content\/uploads\/2020\/11\/IMG_7876-2-1536x1147.jpg 1536w, https:\/\/thalassa-nautic.com\/wp-content\/uploads\/2020\/11\/IMG_7876-2-2048x1530.jpg 2048w, https:\/\/thalassa-nautic.com\/wp-content\/uploads\/2020\/11\/IMG_7876-2-160x120.jpg 160w\" sizes=\"(max-width: 1024px) 100vw, 1024px\" \/><figcaption class=\"blocks-gallery-item__caption\">Primaire \u00e9poxy pour renforcer l&#8217;\u00e9tanch\u00e9it\u00e9 sur redans avant une application compl\u00e8te de la coque<\/figcaption><\/figure><\/li><\/ul><\/figure>\n\n\n\n<figure class=\"wp-block-gallery columns-2 is-cropped\"><ul class=\"blocks-gallery-grid\"><li class=\"blocks-gallery-item\"><figure><img loading=\"lazy\" width=\"1024\" height=\"765\" src=\"https:\/\/thalassa-nautic.com\/wp-content\/uploads\/2020\/11\/IMG_7894-1024x765.jpg\" alt=\"\" data-id=\"658\" data-link=\"https:\/\/thalassa-nautic.com\/index.php\/traitement-anti-osmose\/img_7894\/\" class=\"wp-image-658\" srcset=\"https:\/\/thalassa-nautic.com\/wp-content\/uploads\/2020\/11\/IMG_7894-1024x765.jpg 1024w, https:\/\/thalassa-nautic.com\/wp-content\/uploads\/2020\/11\/IMG_7894-300x224.jpg 300w, https:\/\/thalassa-nautic.com\/wp-content\/uploads\/2020\/11\/IMG_7894-768x574.jpg 768w, https:\/\/thalassa-nautic.com\/wp-content\/uploads\/2020\/11\/IMG_7894-1536x1147.jpg 1536w, https:\/\/thalassa-nautic.com\/wp-content\/uploads\/2020\/11\/IMG_7894-2048x1530.jpg 2048w, https:\/\/thalassa-nautic.com\/wp-content\/uploads\/2020\/11\/IMG_7894-160x120.jpg 160w\" sizes=\"(max-width: 1024px) 100vw, 1024px\" \/><figcaption class=\"blocks-gallery-item__caption\">2 couches de primaire \u00e9poxy<\/figcaption><\/figure><\/li><li class=\"blocks-gallery-item\"><figure><img loading=\"lazy\" width=\"1024\" height=\"765\" src=\"https:\/\/thalassa-nautic.com\/wp-content\/uploads\/2020\/11\/IMG_7909-2-1024x765.jpg\" alt=\"\" data-id=\"660\" data-full-url=\"https:\/\/thalassa-nautic.com\/wp-content\/uploads\/2020\/11\/IMG_7909-2-scaled.jpg\" data-link=\"https:\/\/thalassa-nautic.com\/index.php\/traitement-anti-osmose\/img_7909-2\/\" class=\"wp-image-660\" srcset=\"https:\/\/thalassa-nautic.com\/wp-content\/uploads\/2020\/11\/IMG_7909-2-1024x765.jpg 1024w, https:\/\/thalassa-nautic.com\/wp-content\/uploads\/2020\/11\/IMG_7909-2-300x224.jpg 300w, https:\/\/thalassa-nautic.com\/wp-content\/uploads\/2020\/11\/IMG_7909-2-768x574.jpg 768w, https:\/\/thalassa-nautic.com\/wp-content\/uploads\/2020\/11\/IMG_7909-2-1536x1147.jpg 1536w, https:\/\/thalassa-nautic.com\/wp-content\/uploads\/2020\/11\/IMG_7909-2-2048x1530.jpg 2048w, https:\/\/thalassa-nautic.com\/wp-content\/uploads\/2020\/11\/IMG_7909-2-160x120.jpg 160w\" sizes=\"(max-width: 1024px) 100vw, 1024px\" \/><figcaption class=\"blocks-gallery-item__caption\">2 couches d&#8217;antifouling<\/figcaption><\/figure><\/li><\/ul><\/figure>\n","protected":false},"excerpt":{"rendered":"<p>Il arrive parfois que le gelcoat perde ses propri\u00e9t\u00e9s d\u2019\u00e9tanch\u00e9it\u00e9s et laisse passer l\u2019eau jusqu\u2019\u00e0 la fibre.Cette eau par un ph\u00e9nom\u00e8ne chimique se transforme en acide et veut ressortir.Cette transformation en acide a modifi\u00e9 la densit\u00e9 de l\u2019eau et celle-ci ne peut plus ressortir et forme une bulle.Du coup l\u2019acide ronge la strat et \u00e0 [&hellip;]<\/p>\n","protected":false},"author":1,"featured_media":0,"parent":0,"menu_order":0,"comment_status":"closed","ping_status":"closed","template":"","meta":{"spay_email":""},"_links":{"self":[{"href":"https:\/\/thalassa-nautic.com\/index.php\/wp-json\/wp\/v2\/pages\/383"}],"collection":[{"href":"https:\/\/thalassa-nautic.com\/index.php\/wp-json\/wp\/v2\/pages"}],"about":[{"href":"https:\/\/thalassa-nautic.com\/index.php\/wp-json\/wp\/v2\/types\/page"}],"author":[{"embeddable":true,"href":"https:\/\/thalassa-nautic.com\/index.php\/wp-json\/wp\/v2\/users\/1"}],"replies":[{"embeddable":true,"href":"https:\/\/thalassa-nautic.com\/index.php\/wp-json\/wp\/v2\/comments?post=383"}],"version-history":[{"count":20,"href":"https:\/\/thalassa-nautic.com\/index.php\/wp-json\/wp\/v2\/pages\/383\/revisions"}],"predecessor-version":[{"id":1091,"href":"https:\/\/thalassa-nautic.com\/index.php\/wp-json\/wp\/v2\/pages\/383\/revisions\/1091"}],"wp:attachment":[{"href":"https:\/\/thalassa-nautic.com\/index.php\/wp-json\/wp\/v2\/media?parent=383"}],"curies":[{"name":"wp","href":"https:\/\/api.w.org\/{rel}","templated":true}]}}