{"id":114,"date":"2019-03-07T16:34:12","date_gmt":"2019-03-07T15:34:12","guid":{"rendered":"http:\/\/thalassa-nautic.com\/FF24716-OVH\/?page_id=114"},"modified":"2023-09-04T13:50:42","modified_gmt":"2023-09-04T11:50:42","slug":"accueil","status":"publish","type":"page","link":"https:\/\/thalassa-nautic.com\/","title":{"rendered":"Accueil"},"content":{"rendered":"\n<div class=\"wp-block-cover has-background-dim has-parallax\" style=\"background-image:url(https:\/\/thalassa-nautic.com\/wp-content\/uploads\/2019\/03\/IMG_2832.jpg)\"><div class=\"wp-block-cover__inner-container\">\n<p class=\"has-text-align-center has-large-font-size\">THALASSA NAUTIC<\/p>\n\n\n\n<p class=\"has-text-align-center has-large-font-size\">Entretien et maintenance des <\/p>\n\n\n\n<p class=\"has-text-align-center has-large-font-size\">Bateaux de Plaisance<\/p>\n<\/div><\/div>\n\n\n\n<p><\/p>\n\n\n\n<p class=\"has-text-align-center has-cyan-bluish-gray-background-color has-text-color has-background has-medium-font-size\" style=\"color:#ffffff\"><strong>Bateaux moteur et voiliers<\/strong><\/p>\n\n\n\n<figure class=\"wp-block-image\"><img loading=\"lazy\" width=\"1024\" height=\"355\" src=\"https:\/\/thalassa-nautic.com\/FF24716-OVH\/wp-content\/uploads\/2019\/03\/Bateaux-moteur-voilier-1024x355.jpeg\" alt=\"\" class=\"wp-image-172\" srcset=\"https:\/\/thalassa-nautic.com\/wp-content\/uploads\/2019\/03\/Bateaux-moteur-voilier-1024x355.jpeg 1024w, https:\/\/thalassa-nautic.com\/wp-content\/uploads\/2019\/03\/Bateaux-moteur-voilier-300x104.jpeg 300w, https:\/\/thalassa-nautic.com\/wp-content\/uploads\/2019\/03\/Bateaux-moteur-voilier-768x266.jpeg 768w\" sizes=\"(max-width: 1024px) 100vw, 1024px\" \/><\/figure>\n\n\n<div class=\"cff-wrapper\"><div id=\"cff\" data-char=\"\" class=\" cff-fixed-height  cff-default-styles\" style=\"width:100%; height:500px; padding:20px; background-color:#ffffff; \"><div class=\"cff-item cff-photo-post author-thalassa-nautic\" id=\"cff_2386861204868438_1245270006876045\" ><div class=\"cff-author\"><div class=\"cff-author-text\"><p class=\"cff-page-name cff-author-date\" ><a href=\"https:\/\/facebook.com\/2386861204868438\" target=\"_blank\" rel=\"nofollow noopener\" >Thalassa Nautic<\/a><span class=\"cff-story\">  est \u00e0 La Grande Motte Port.<\/span><\/p><p class=\"cff-date\" > 2 years ago <\/p><\/div><div class=\"cff-author-img\"><a href=\"https:\/\/facebook.com\/2386861204868438\" target=\"_blank\" rel=\"nofollow noopener\" ><img src=\"https:\/\/scontent-bru2-1.xx.fbcdn.net\/v\/t39.30808-1\/269750558_3212410078980209_1209890823805102800_n.png?stp=c0.30.300.300a_cp0_dst-png_s50x50&#038;_nc_cat=109&#038;ccb=1-7&#038;_nc_sid=6738e8&#038;_nc_ohc=B_aktofM_DgQ7kNvgFRYlZv&#038;_nc_ht=scontent-bru2-1.xx&#038;edm=AKK4YLsEAAAA&#038;_nc_gid=AmulBIACs6-86DIE86mKSEs&#038;oh=00_AYDKDjjox1ooAoj3aUlMFqR2JqvThNkhEaOM_eOC5xcedA&#038;oe=66F5BD4A\" title=\"Thalassa Nautic\" alt=\"Thalassa Nautic\" width=40 height=40 onerror=\"this.style.display='none'\"><\/a><\/div><\/div><p class=\"cff-post-text\" ><span class=\"cff-text\" data-color=\"\">Travail de car\u00e9nage sur ce voilier Neptune 80.<br \/>&#8211; Mise \u00e0 terre du bateau<br \/>&#8211; Nettoyage<br \/>&#8211; Grattage de la coque<br \/>&#8211; Car\u00e9nage \/ Antifouling<br \/>&#8211; Remise \u00e0 l\u2019eau du bateau<br \/><br \/>Olivier<br \/>Thalassa-Nautic<br \/><br \/><a href=\"https:\/\/facebook.com\/6139024466217447\">#gommagebateau<\/a> <a href=\"https:\/\/facebook.com\/2279080815498996\">#car\u00e9nagebateau<\/a> <a href=\"https:\/\/facebook.com\/118497881670151\">#antifouling<\/a> <a href=\"https:\/\/facebook.com\/6784600538234547\">#traitementhelices<\/a> <a href=\"https:\/\/facebook.com\/3461265170565321\">#traitementosmose<\/a><br \/><a href=\"https:\/\/facebook.com\/693204357438822\">#entretienbateau<\/a>  <a href=\"https:\/\/facebook.com\/4362215173870327\">#travauxpolyester<\/a> <a href=\"https:\/\/facebook.com\/4072576542829592\">#Travauxinox<\/a> <a href=\"https:\/\/facebook.com\/320996368028901\">#gelcoat<\/a> <a href=\"https:\/\/facebook.com\/1249810848395539\">#reparationbateau<\/a> <a href=\"https:\/\/facebook.com\/5436278163059828\">#nettoyagepontteck<\/a> <a href=\"https:\/\/facebook.com\/1794482033991972\">#nettoyageinox<\/a> <a href=\"https:\/\/facebook.com\/5934827926533331\">#polishpont<\/a> <a href=\"https:\/\/facebook.com\/329573250478404\">#lagrandemotte<\/a>  <a href=\"https:\/\/facebook.com\/3540897536011494\">#thalassanauticlagrandemotte<\/a> <\/span><span class=\"cff-expand\">&#8230; <a href=\"#\" style=\"color: #\"><span class=\"cff-more\">See More<\/span><span class=\"cff-less\">See Less<\/span><\/a><\/span><\/p><p class=\"cff-media-link\"><a href=\"https:\/\/www.facebook.com\/photo.php?fbid=1245269910209388&amp;set=a.740609340675450&amp;type=3\" target=\"_blank\" style=\"color: #;\"><span style=\"padding-right: 5px;\" class=\"fa fas fa-picture-o fa-image\" aria-hidden=\"true\"><\/span>Photo<\/a><\/p><div class=\"cff-post-links\"><a class=\"cff-viewpost-facebook\" href=\"https:\/\/www.facebook.com\/photo.php?fbid=1245269910209388&amp;set=a.740609340675450&amp;type=3\" title=\"View on Facebook\" target=\"_blank\" rel=\"nofollow noopener\" >View on Facebook<\/a><div class=\"cff-share-container\"><span class=\"cff-dot\" >&middot;<\/span><a class=\"cff-share-link\" href=\"https:\/\/www.facebook.com\/sharer\/sharer.php?u=https%3A%2F%2Fwww.facebook.com%2Fphoto.php%3Ffbid%3D1245269910209388%26amp%3Bset%3Da.740609340675450%26amp%3Btype%3D3\" title=\"Share\" >Share<\/a><p class='cff-share-tooltip'><a href='https:\/\/www.facebook.com\/sharer\/sharer.php?u=https%3A%2F%2Fwww.facebook.com%2Fphoto.php%3Ffbid%3D1245269910209388%26amp%3Bset%3Da.740609340675450%26amp%3Btype%3D3' target='_blank' class='cff-facebook-icon'><span class='fa fab fa-facebook-square' aria-hidden='true'><\/span><span class='cff-screenreader'>Share on Facebook<\/span><\/a><a href='https:\/\/twitter.com\/intent\/tweet?text=https%3A%2F%2Fwww.facebook.com%2Fphoto.php%3Ffbid%3D1245269910209388%26amp%3Bset%3Da.740609340675450%26amp%3Btype%3D3' target='_blank' class='cff-twitter-icon'><span class='fa fab fa-twitter' aria-hidden='true'><\/span><span class='cff-screenreader'>Share on Twitter<\/span><\/a><a href='https:\/\/www.linkedin.com\/shareArticle?mini=true&amp;url=https%3A%2F%2Fwww.facebook.com%2Fphoto.php%3Ffbid%3D1245269910209388%26amp%3Bset%3Da.740609340675450%26amp%3Btype%3D3&amp;title=Travail%20de%20car%C3%A9nage%20sur%20ce%20voilier%20Neptune%2080.-%20Mise%20%C3%A0%20terre%20du%20bateau-%20Nettoyage-%20Grattage%20de%20la%20coque-%20Car%C3%A9nage%20%2F%20Antifouling-%20Remise%20%C3%A0%20l%E2%80%99eau%20du%20bateauOlivierThalassa-Nautic%23gommagebateau%20%23car%C3%A9nagebateau%20%23antifouling%20%23traitementhelices%20%23traitementosmose%23entretienbateau%20%20%23travauxpolyester%20%23Travauxinox%20%23gelcoat%20%23reparationbateau%20%23nettoyagepontteck%20%23nettoyageinox%20%23polishpont%20%23lagrandemotte%20%20%23thalassanauticlagrandemotte%20' target='_blank' class='cff-linkedin-icon'><span class='fa fab fa-linkedin' aria-hidden='true'><\/span><span class='cff-screenreader'>Share on Linked In<\/span><\/a><a href='mailto:?subject=Facebook&amp;body=https%3A%2F%2Fwww.facebook.com%2Fphoto.php%3Ffbid%3D1245269910209388%26amp%3Bset%3Da.740609340675450%26amp%3Btype%3D3%20-%20Travail%20de%20car%C3%A9nage%20sur%20ce%20voilier%20Neptune%2080.-%20Mise%20%C3%A0%20terre%20du%20bateau-%20Nettoyage-%20Grattage%20de%20la%20coque-%20Car%C3%A9nage%20%2F%20Antifouling-%20Remise%20%C3%A0%20l%E2%80%99eau%20du%20bateauOlivierThalassa-Nautic%23gommagebateau%20%23car%C3%A9nagebateau%20%23antifouling%20%23traitementhelices%20%23traitementosmose%23entretienbateau%20%20%23travauxpolyester%20%23Travauxinox%20%23gelcoat%20%23reparationbateau%20%23nettoyagepontteck%20%23nettoyageinox%20%23polishpont%20%23lagrandemotte%20%20%23thalassanauticlagrandemotte%20' target='_blank' class='cff-email-icon'><span class='fa fa-envelope' aria-hidden='true'><\/span><span class='cff-screenreader'>Share by Email<\/span><\/a><span class='fa fa-play fa-rotate-90' aria-hidden='true'><\/span><\/p><\/div><\/div><\/div><div class=\"cff-item cff-video-post author-thalassa-nautic\" id=\"cff_2386861204868438_1238536747549371\" ><div class=\"cff-author\"><div class=\"cff-author-text\"><p class=\"cff-page-name cff-author-date\" ><a href=\"https:\/\/facebook.com\/2386861204868438\" target=\"_blank\" rel=\"nofollow noopener\" >Thalassa Nautic<\/a><span class=\"cff-story\">  est \u00e0 La Grande Motte Port.<\/span><\/p><p class=\"cff-date\" > 2 years ago <\/p><\/div><div class=\"cff-author-img\"><a href=\"https:\/\/facebook.com\/2386861204868438\" target=\"_blank\" rel=\"nofollow noopener\" ><img src=\"https:\/\/scontent-bru2-1.xx.fbcdn.net\/v\/t39.30808-1\/269750558_3212410078980209_1209890823805102800_n.png?stp=c0.30.300.300a_cp0_dst-png_s50x50&#038;_nc_cat=109&#038;ccb=1-7&#038;_nc_sid=6738e8&#038;_nc_ohc=B_aktofM_DgQ7kNvgFRYlZv&#038;_nc_ht=scontent-bru2-1.xx&#038;edm=AKK4YLsEAAAA&#038;_nc_gid=AmulBIACs6-86DIE86mKSEs&#038;oh=00_AYDKDjjox1ooAoj3aUlMFqR2JqvThNkhEaOM_eOC5xcedA&#038;oe=66F5BD4A\" title=\"Thalassa Nautic\" alt=\"Thalassa Nautic\" width=40 height=40 onerror=\"this.style.display='none'\"><\/a><\/div><\/div><p class=\"cff-post-text\" ><span class=\"cff-text\" data-color=\"\">\ud83d\udd8c\ufe0f Travaux du moment\u2026<br \/>Sur une vedette, car\u00e9nage et antifouling coque enti\u00e8re + h\u00e9lices avec un traitement Prospeed.<br \/><a href=\"https:\/\/youtu.be\/bOylFTN7jxg\" rel='nofollow noopener noreferrer'>youtu.be\/bOylFTN7jxg<\/a><br \/><br \/>Olivier<br \/>Thalassa Nautic<br \/><br \/><a href=\"https:\/\/facebook.com\/7374873112618677\">#car\u00e9nagelagrandemotte<\/a> <a href=\"https:\/\/facebook.com\/8270854402991191\">#antifoulinglgm<\/a><br \/> <a href=\"https:\/\/facebook.com\/8122296431151548\">#entretienbateaulagrandemotte<\/a> <a href=\"https:\/\/facebook.com\/7878119222310552\">#travauxsurbateau<\/a> <a href=\"https:\/\/facebook.com\/329573250478404\">#lagrandemotte<\/a> <a href=\"https:\/\/facebook.com\/693204357438822\">#entretienbateau<\/a> <a href=\"https:\/\/facebook.com\/5799607230119116\">#entretienvedette<\/a> <a href=\"https:\/\/facebook.com\/440630809341130\">#Prospeed<\/a> <\/span><span class=\"cff-expand\">&#8230; <a href=\"#\" style=\"color: #\"><span class=\"cff-more\">See More<\/span><span class=\"cff-less\">See Less<\/span><\/a><\/span><\/p><div class=\"cff-shared-link\" ><div class=\"cff-text-link cff-no-image\"><p class=\"cff-link-title\" ><a href=\"https:\/\/youtu.be\/bOylFTN7jxg\" target=\"_blank\" rel=\"nofollow noopener noreferrer\" style=\"color:#;\">Vedette des douanes Care\u0301nage antifouling he\u0301lices ProSpeed Thalassa Nautic, Olivier Gle\u0301nadet,<\/a><\/p><p class=\"cff-link-caption\" style=\"font-size:12px;\">youtu.be<\/p><span class=\"cff-post-desc\" >\ud83d\udd8c\ufe0f Travaux du moment&#8230;Sur la vedette des douanes, car\u00e9nage et antifouling coque enti\u00e8re + h\u00e9lices avec un traitement Prospeed.OlivierThalassa Nautic#car\u00e9nage&#8230; <\/span><\/div><\/div><p class=\"cff-media-link\"><a href=\"https:\/\/www.facebook.com\/2386861204868438_1238536747549371\" target=\"_blank\" style=\"color: #;\"><span style=\"padding-right: 5px;\" class=\"fa fas fa-video-camera fa-video\" aria-hidden=\"true\"><\/span>Video<\/a><\/p><div class=\"cff-post-links\"><a class=\"cff-viewpost-facebook\" href=\"https:\/\/www.facebook.com\/2386861204868438_1238536747549371\" title=\"View on Facebook\" target=\"_blank\" rel=\"nofollow noopener\" >View on Facebook<\/a><div class=\"cff-share-container\"><span class=\"cff-dot\" >&middot;<\/span><a class=\"cff-share-link\" href=\"https:\/\/www.facebook.com\/sharer\/sharer.php?u=https%3A%2F%2Fwww.facebook.com%2F2386861204868438%2Fposts%2F1238536747549371\" title=\"Share\" >Share<\/a><p class='cff-share-tooltip'><a href='https:\/\/www.facebook.com\/sharer\/sharer.php?u=https%3A%2F%2Fwww.facebook.com%2F2386861204868438%2Fposts%2F1238536747549371' target='_blank' class='cff-facebook-icon'><span class='fa fab fa-facebook-square' aria-hidden='true'><\/span><span class='cff-screenreader'>Share on Facebook<\/span><\/a><a href='https:\/\/twitter.com\/intent\/tweet?text=https%3A%2F%2Fwww.facebook.com%2F2386861204868438%2Fposts%2F1238536747549371' target='_blank' class='cff-twitter-icon'><span class='fa fab fa-twitter' aria-hidden='true'><\/span><span class='cff-screenreader'>Share on Twitter<\/span><\/a><a href='https:\/\/www.linkedin.com\/shareArticle?mini=true&amp;url=https%3A%2F%2Fwww.facebook.com%2F2386861204868438%2Fposts%2F1238536747549371&amp;title=%F0%9F%96%8C%EF%B8%8F%20Travaux%20du%20moment%E2%80%A6Sur%20une%20vedette%2C%20car%C3%A9nage%20et%20antifouling%20coque%20enti%C3%A8re%20%2B%20h%C3%A9lices%20avec%20un%20traitement%20Prospeed.youtu.be%2FbOylFTN7jxgOlivierThalassa%20Nautic%23car%C3%A9nagelagrandemotte%20%23antifoulinglgm%20%23entretienbateaulagrandemotte%20%23travauxsurbateau%20%23lagrandemotte%20%23entretienbateau%20%23entretienvedette%20%23Prospeed%20' target='_blank' class='cff-linkedin-icon'><span class='fa fab fa-linkedin' aria-hidden='true'><\/span><span class='cff-screenreader'>Share on Linked In<\/span><\/a><a href='mailto:?subject=Facebook&amp;body=https%3A%2F%2Fwww.facebook.com%2F2386861204868438%2Fposts%2F1238536747549371%20-%20%F0%9F%96%8C%EF%B8%8F%20Travaux%20du%20moment%E2%80%A6Sur%20une%20vedette%2C%20car%C3%A9nage%20et%20antifouling%20coque%20enti%C3%A8re%20%2B%20h%C3%A9lices%20avec%20un%20traitement%20Prospeed.youtu.be%2FbOylFTN7jxgOlivierThalassa%20Nautic%23car%C3%A9nagelagrandemotte%20%23antifoulinglgm%20%23entretienbateaulagrandemotte%20%23travauxsurbateau%20%23lagrandemotte%20%23entretienbateau%20%23entretienvedette%20%23Prospeed%20' target='_blank' class='cff-email-icon'><span class='fa fa-envelope' aria-hidden='true'><\/span><span class='cff-screenreader'>Share by Email<\/span><\/a><span class='fa fa-play fa-rotate-90' aria-hidden='true'><\/span><\/p><\/div><\/div><\/div><div class=\"cff-likebox cff-bottom\" ><iframe src=\"\" data-likebox-id=\"2386861204868438\" data-likebox-width=\"300\" data-likebox-header=\"false\" data-hide-cover=\"false\" data-hide-cta=\"false\" data-likebox-faces=\"false\" height=\"130\" data-locale=\"fr_FR\" style=\"border:none;overflow:hidden\" scrolling=\"no\" allowTransparency=\"true\" allow=\"encrypted-media\" class=\"fb_iframe_widget\"><\/iframe><\/div><\/div><div class=\"cff-clear\"><\/div><\/div>\n\n\n<p class=\"has-text-align-center\"><\/p>\n\n\n\n<p class=\"has-text-align-center\"><\/p>\n\n\n\n<p class=\"has-text-align-center\"><\/p>\n\n\n\n<p><\/p>\n\n\n\n<p><\/p>\n\n\n\n<p><\/p>\n\n\n\n<hr class=\"wp-block-separator\"\/>\n\n\n\n<ul><li><\/li><\/ul>\n\n\n\n<figure class=\"wp-block-image\"><img loading=\"lazy\" width=\"933\" height=\"501\" src=\"https:\/\/thalassa-nautic.com\/FF24716-OVH\/wp-content\/uploads\/2019\/03\/Camion-2.jpg\" alt=\"\" class=\"wp-image-134\" srcset=\"https:\/\/thalassa-nautic.com\/wp-content\/uploads\/2019\/03\/Camion-2.jpg 933w, https:\/\/thalassa-nautic.com\/wp-content\/uploads\/2019\/03\/Camion-2-300x161.jpg 300w, https:\/\/thalassa-nautic.com\/wp-content\/uploads\/2019\/03\/Camion-2-768x412.jpg 768w\" sizes=\"(max-width: 933px) 100vw, 933px\" \/><\/figure>\n","protected":false},"excerpt":{"rendered":"<p>Bateaux moteur et voiliers<\/p>\n","protected":false},"author":1,"featured_media":0,"parent":0,"menu_order":0,"comment_status":"closed","ping_status":"closed","template":"","meta":{"spay_email":""},"_links":{"self":[{"href":"https:\/\/thalassa-nautic.com\/index.php\/wp-json\/wp\/v2\/pages\/114"}],"collection":[{"href":"https:\/\/thalassa-nautic.com\/index.php\/wp-json\/wp\/v2\/pages"}],"about":[{"href":"https:\/\/thalassa-nautic.com\/index.php\/wp-json\/wp\/v2\/types\/page"}],"author":[{"embeddable":true,"href":"https:\/\/thalassa-nautic.com\/index.php\/wp-json\/wp\/v2\/users\/1"}],"replies":[{"embeddable":true,"href":"https:\/\/thalassa-nautic.com\/index.php\/wp-json\/wp\/v2\/comments?post=114"}],"version-history":[{"count":39,"href":"https:\/\/thalassa-nautic.com\/index.php\/wp-json\/wp\/v2\/pages\/114\/revisions"}],"predecessor-version":[{"id":1143,"href":"https:\/\/thalassa-nautic.com\/index.php\/wp-json\/wp\/v2\/pages\/114\/revisions\/1143"}],"wp:attachment":[{"href":"https:\/\/thalassa-nautic.com\/index.php\/wp-json\/wp\/v2\/media?parent=114"}],"curies":[{"name":"wp","href":"https:\/\/api.w.org\/{rel}","templated":true}]}}